{"id":504,"date":"2022-08-15T17:00:34","date_gmt":"2022-08-15T17:00:34","guid":{"rendered":"https:\/\/2courtiers.ca\/?page_id=504"},"modified":"2022-09-14T00:32:58","modified_gmt":"2022-09-14T00:32:58","slug":"pour-les-acheteurs","status":"publish","type":"page","link":"https:\/\/2courtiers.ca\/fr\/pour-les-acheteurs\/","title":{"rendered":"Pour les acheteurs"},"content":{"rendered":"<div class=\"clear\"><\/div><section class=\"full-width-section wr-section-full-width    \"><div class=\"block-wrapper   \"><div class=\"section-wrapper  \"><div class=\"row-layout row-off  \"><div class=\"wpb_column vc_column_container vc_col-sm-12\"><div class=\"vc_column-inner\"><div class=\"wpb_wrapper\"><div class=\"vc_empty_space\"   style=\"height: 32px\"><span class=\"vc_empty_space_inner\"><\/span><\/div><div class=\"vc_empty_space\"   style=\"height: 32px\"><span class=\"vc_empty_space_inner\"><\/span><\/div><div class=\"sec-heading text-left  \"><h2 class=\"section-title\">NOTRE OFFRE DE SERVICE HUMANIA ACHETEUR<\/h2><p>\n<h4 style=\"text-align: center;\">Vous \u00eates \u00e0 la recherche de votre propri\u00e9t\u00e9 coup de coeur, qu&#8217;il s&#8217;agisse d&#8217;un premier achat ou d&#8217;une autre \u00e9tape de votre vie!<\/h4>\n<p>&nbsp;<\/p>\n<h4><\/h4>\n<h4 style=\"text-align: center;\"><strong>Nous vous proposons notre service HUMANIA:<\/strong><\/h4>\n<\/p><\/div><div class=\"vc_empty_space\"   style=\"height: 32px\"><span class=\"vc_empty_space_inner\"><\/span><\/div><div class=\"vc_empty_space\"   style=\"height: 32px\"><span class=\"vc_empty_space_inner\"><\/span><\/div><div class=\"mgt-timeline-wrapper mgt-timeline-63673605 mgt-timeline-border-circle mgt-timeline-dots-bottom mgt-timeline-date-right mgt-timeline-border-style-squared mgt-timeline-style-solid mgt-timeline-pointer-style-triangle wpb_content_element text- text-left\"><div class=\"mgt-timeline-details-wrapper\"><div class=\"mgt-timeline-details\"><h5 class=\"mgt-timeline-title text-font-weight-default \">Besoins du client<\/h5><div class=\"mgt-timeline-text\">Un premier rendez-vous pour bien vous \u00e9couter, vous comprendre et respecter vos besoins<\/div><div class=\"mgt-timeline-details-pointer\"><\/div><\/div><\/div><div class=\"mgt-timeline-icon-wrapper\"><div class=\"mgt-timeline-icon\"><i class=\"fas fa-user-tie\"><\/i><\/div><\/div><div class=\"mgt-timeline-date\"><div class=\"mgt-timeline-date-month\"><\/div><div class=\"mgt-timeline-date-year\">1<\/div><\/div><\/div><style scoped='scoped'>.mgt-timeline-63673605.mgt-timeline-wrapper .mgt-timeline-icon-wrapper {background-color: #dd3333!important;}.mgt-timeline-63673605.mgt-timeline-wrapper .mgt-timeline-icon-wrapper .mgt-timeline-icon,.mgt-timeline-63673605.mgt-timeline-wrapper .mgt-timeline-icon-wrapper a,.mgt-timeline-63673605.mgt-timeline-wrapper .mgt-timeline-icon-wrapper a:visited,.mgt-timeline-63673605.mgt-timeline-wrapper .mgt-timeline-icon-wrapper a:focus {color: #ffffff!important;}.mgt-timeline-63673605.mgt-timeline-wrapper:before {background-color: #dd3333!important;}.mgt-timeline-63673605.mgt-timeline-wrapper.mgt-timeline-pointer-style-line .mgt-timeline-details-pointer,.mgt-timeline-63673605.mgt-timeline-wrapper.mgt-timeline-pointer-style-dottedline .mgt-timeline-details-pointer,.mgt-timeline-63673605.mgt-timeline-wrapper.mgt-timeline-pointer-style-dashedline .mgt-timeline-details-pointer {border-color: #dd3333!important;}<\/style><div class=\"mgt-timeline-wrapper mgt-timeline-36478798 mgt-timeline-border-circle mgt-timeline-dots-both mgt-timeline-date-left mgt-timeline-border-style-squared mgt-timeline-style-solid mgt-timeline-pointer-style-triangle wpb_content_element text- text-left\"><div class=\"mgt-timeline-details-wrapper\"><div class=\"mgt-timeline-details\"><a href=\"https:\/\/google.com\/\" ><h5 class=\"mgt-timeline-title text-font-weight-default \">Accompagnement<\/h5><\/a><div class=\"mgt-timeline-text\">Vous accompagner, vous conseiller et vous soutenir dans chacune des \u00e9tapes du processus de vente jusqu&#8217;\u00e0\u00a0la signature de l&#8217;acte de vente<\/div><div class=\"mgt-timeline-details-pointer\"><\/div><\/div><\/div><div class=\"mgt-timeline-icon-wrapper\"><a href=\"https:\/\/google.com\/\"><div class=\"mgt-timeline-icon\"><i class=\"fas fa-home\"><\/i><\/div><\/a><\/div><div class=\"mgt-timeline-date\"><div class=\"mgt-timeline-date-month\"><\/div><div class=\"mgt-timeline-date-year\">2<\/div><\/div><\/div><style scoped='scoped'>.mgt-timeline-36478798.mgt-timeline-wrapper .mgt-timeline-icon-wrapper {background-color: #dd3333!important;}.mgt-timeline-36478798.mgt-timeline-wrapper:before {background-color: #dd3333!important;}.mgt-timeline-36478798.mgt-timeline-wrapper.mgt-timeline-pointer-style-line .mgt-timeline-details-pointer,.mgt-timeline-36478798.mgt-timeline-wrapper.mgt-timeline-pointer-style-dottedline .mgt-timeline-details-pointer,.mgt-timeline-36478798.mgt-timeline-wrapper.mgt-timeline-pointer-style-dashedline .mgt-timeline-details-pointer {border-color: #dd3333!important;}<\/style><div class=\"mgt-timeline-wrapper mgt-timeline-71418469 mgt-timeline-border-circle mgt-timeline-dots-bottom mgt-timeline-date-right mgt-timeline-border-style-squared mgt-timeline-style-solid mgt-timeline-pointer-style-triangle wpb_content_element text- text-left\"><div class=\"mgt-timeline-details-wrapper\"><div class=\"mgt-timeline-details\"><h5 class=\"mgt-timeline-title text-font-weight-default \">Recherche immobiliere<\/h5><div class=\"mgt-timeline-text\">Vous aider dans votre recherche et cibler les propri\u00e9t\u00e9s susceptibles de r\u00e9pondre \u00e0 vos besoins<\/div><div class=\"mgt-timeline-details-pointer\"><\/div><\/div><\/div><div class=\"mgt-timeline-icon-wrapper\"><div class=\"mgt-timeline-icon\"><i class=\"fas fa-search-dollar\"><\/i><\/div><\/div><div class=\"mgt-timeline-date\"><div class=\"mgt-timeline-date-month\"><\/div><div class=\"mgt-timeline-date-year\">3<\/div><\/div><\/div><style scoped='scoped'>.mgt-timeline-71418469.mgt-timeline-wrapper .mgt-timeline-icon-wrapper {background-color: #dd3333!important;}.mgt-timeline-71418469.mgt-timeline-wrapper:before {background-color: #dd3333!important;}.mgt-timeline-71418469.mgt-timeline-wrapper.mgt-timeline-pointer-style-line .mgt-timeline-details-pointer,.mgt-timeline-71418469.mgt-timeline-wrapper.mgt-timeline-pointer-style-dottedline .mgt-timeline-details-pointer,.mgt-timeline-71418469.mgt-timeline-wrapper.mgt-timeline-pointer-style-dashedline .mgt-timeline-details-pointer {border-color: #dd3333!important;}<\/style><div class=\"mgt-timeline-wrapper mgt-timeline-19801466 mgt-timeline-border-circle mgt-timeline-dots-bottom mgt-timeline-date-left mgt-timeline-border-style-squared mgt-timeline-style-solid mgt-timeline-pointer-style-triangle wpb_content_element text- text-left\"><div class=\"mgt-timeline-details-wrapper\"><div class=\"mgt-timeline-details\"><h5 class=\"mgt-timeline-title text-font-weight-default \">Gestion de votre documentation<\/h5><div class=\"mgt-timeline-text\">La prise en charge de tous les formulaires requis \u00e0 remplir<\/div><div class=\"mgt-timeline-details-pointer\"><\/div><\/div><\/div><div class=\"mgt-timeline-icon-wrapper\"><div class=\"mgt-timeline-icon\"><i class=\"fas fa-file-invoice\"><\/i><\/div><\/div><div class=\"mgt-timeline-date\"><div class=\"mgt-timeline-date-month\"><\/div><div class=\"mgt-timeline-date-year\">4<\/div><\/div><\/div><style scoped='scoped'>.mgt-timeline-19801466.mgt-timeline-wrapper .mgt-timeline-icon-wrapper {background-color: #dd3333!important;}.mgt-timeline-19801466.mgt-timeline-wrapper:before {background-color: #dd3333!important;}.mgt-timeline-19801466.mgt-timeline-wrapper.mgt-timeline-pointer-style-line .mgt-timeline-details-pointer,.mgt-timeline-19801466.mgt-timeline-wrapper.mgt-timeline-pointer-style-dottedline .mgt-timeline-details-pointer,.mgt-timeline-19801466.mgt-timeline-wrapper.mgt-timeline-pointer-style-dashedline .mgt-timeline-details-pointer {border-color: #dd3333!important;}<\/style><div class=\"mgt-timeline-wrapper mgt-timeline-58820647 mgt-timeline-border-circle mgt-timeline-dots-both mgt-timeline-date-right mgt-timeline-border-style-squared mgt-timeline-style-solid mgt-timeline-pointer-style-triangle wpb_content_element text- text-left\"><div class=\"mgt-timeline-details-wrapper\"><div class=\"mgt-timeline-details\"><a href=\"https:\/\/google.com\/\" ><h5 class=\"mgt-timeline-title text-font-weight-default \">Frais immobilier<\/h5><\/a><div class=\"mgt-timeline-text\">Vous informer sur les frais importants associ\u00e9s \u00e0 votre transaction<\/div><div class=\"mgt-timeline-details-pointer\"><\/div><\/div><\/div><div class=\"mgt-timeline-icon-wrapper\"><a href=\"https:\/\/google.com\/\"><div class=\"mgt-timeline-icon\"><i class=\"fas fa-dollar-sign\"><\/i><\/div><\/a><\/div><div class=\"mgt-timeline-date\"><div class=\"mgt-timeline-date-month\"><\/div><div class=\"mgt-timeline-date-year\">5<\/div><\/div><\/div><style scoped='scoped'>.mgt-timeline-58820647.mgt-timeline-wrapper .mgt-timeline-icon-wrapper {background-color: #dd3333!important;}.mgt-timeline-58820647.mgt-timeline-wrapper:before {background-color: #dd3333!important;}.mgt-timeline-58820647.mgt-timeline-wrapper.mgt-timeline-pointer-style-line .mgt-timeline-details-pointer,.mgt-timeline-58820647.mgt-timeline-wrapper.mgt-timeline-pointer-style-dottedline .mgt-timeline-details-pointer,.mgt-timeline-58820647.mgt-timeline-wrapper.mgt-timeline-pointer-style-dashedline .mgt-timeline-details-pointer {border-color: #dd3333!important;}<\/style><div class=\"mgt-timeline-wrapper mgt-timeline-6096678 mgt-timeline-border-circle mgt-timeline-dots-both mgt-timeline-date-left mgt-timeline-border-style-squared mgt-timeline-style-solid mgt-timeline-pointer-style-triangle wpb_content_element text- text-left\"><div class=\"mgt-timeline-details-wrapper\"><div class=\"mgt-timeline-details\"><a href=\"https:\/\/google.com\/\" ><h5 class=\"mgt-timeline-title text-font-weight-default \">Accompagnement lors des visites<\/h5><\/a><div class=\"mgt-timeline-text\">L&#8217;accompagnement lors des visites, et de l&#8217;inspection et compte rendus<\/div><div class=\"mgt-timeline-details-pointer\"><\/div><\/div><\/div><div class=\"mgt-timeline-icon-wrapper\"><a href=\"https:\/\/google.com\/\"><div class=\"mgt-timeline-icon\"><i class=\"far fa-handshake\"><\/i><\/div><\/a><\/div><div class=\"mgt-timeline-date\"><div class=\"mgt-timeline-date-month\"><\/div><div class=\"mgt-timeline-date-year\">6<\/div><\/div><\/div><style scoped='scoped'>.mgt-timeline-6096678.mgt-timeline-wrapper .mgt-timeline-icon-wrapper {background-color: #dd3333!important;}.mgt-timeline-6096678.mgt-timeline-wrapper:before {background-color: #dd3333!important;}.mgt-timeline-6096678.mgt-timeline-wrapper.mgt-timeline-pointer-style-line .mgt-timeline-details-pointer,.mgt-timeline-6096678.mgt-timeline-wrapper.mgt-timeline-pointer-style-dottedline .mgt-timeline-details-pointer,.mgt-timeline-6096678.mgt-timeline-wrapper.mgt-timeline-pointer-style-dashedline .mgt-timeline-details-pointer {border-color: #dd3333!important;}<\/style><div class=\"mgt-timeline-wrapper mgt-timeline-78953654 mgt-timeline-border-circle mgt-timeline-dots-bottom mgt-timeline-date-right mgt-timeline-border-style-squared mgt-timeline-style-solid mgt-timeline-pointer-style-triangle wpb_content_element text- text-left\"><div class=\"mgt-timeline-details-wrapper\"><div class=\"mgt-timeline-details\"><h5 class=\"mgt-timeline-title text-font-weight-default \">Analyse comparative<\/h5><div class=\"mgt-timeline-text\">Une analyse comparative compl\u00e8te de la propri\u00e9t\u00e9 coup de coeur avant de d\u00e9poser une promesse d&#8217;achat qui nous permettra d&#8217;obtenir le meilleur prix d&#8217;achat pour vous et d&#8217;\u00eatre bien pr\u00e9par\u00e9s lors des n\u00e9gociations.<\/div><div class=\"mgt-timeline-details-pointer\"><\/div><\/div><\/div><div class=\"mgt-timeline-icon-wrapper\"><div class=\"mgt-timeline-icon\"><i class=\"fas fa-chart-line\"><\/i><\/div><\/div><div class=\"mgt-timeline-date\"><div class=\"mgt-timeline-date-month\"><\/div><div class=\"mgt-timeline-date-year\">7<\/div><\/div><\/div><style scoped='scoped'>.mgt-timeline-78953654.mgt-timeline-wrapper .mgt-timeline-icon-wrapper {background-color: #dd3333!important;}.mgt-timeline-78953654.mgt-timeline-wrapper:before {background-color: #dd3333!important;}.mgt-timeline-78953654.mgt-timeline-wrapper.mgt-timeline-pointer-style-line .mgt-timeline-details-pointer,.mgt-timeline-78953654.mgt-timeline-wrapper.mgt-timeline-pointer-style-dottedline .mgt-timeline-details-pointer,.mgt-timeline-78953654.mgt-timeline-wrapper.mgt-timeline-pointer-style-dashedline .mgt-timeline-details-pointer {border-color: #dd3333!important;}<\/style><div class=\"mgt-timeline-wrapper mgt-timeline-54150270 mgt-timeline-border-circle mgt-timeline-dots-both mgt-timeline-date-left mgt-timeline-border-style-squared mgt-timeline-style-solid mgt-timeline-pointer-style-triangle wpb_content_element text- text-left\"><div class=\"mgt-timeline-details-wrapper\"><div class=\"mgt-timeline-details\"><a href=\"https:\/\/google.com\/\" ><h5 class=\"mgt-timeline-title text-font-weight-default \">Gestion compl\u00e8te des promesses d'achat et contre-propositions<\/h5><\/a><div class=\"mgt-timeline-text\">La gestion compl\u00e8te des promesses d&#8217;achat et contre-propositions<\/div><div class=\"mgt-timeline-details-pointer\"><\/div><\/div><\/div><div class=\"mgt-timeline-icon-wrapper\"><a href=\"https:\/\/google.com\/\"><div class=\"mgt-timeline-icon\"><i class=\"fas fa-file-signature\"><\/i><\/div><\/a><\/div><div class=\"mgt-timeline-date\"><div class=\"mgt-timeline-date-month\"><\/div><div class=\"mgt-timeline-date-year\">8<\/div><\/div><\/div><style scoped='scoped'>.mgt-timeline-54150270.mgt-timeline-wrapper .mgt-timeline-icon-wrapper {background-color: #dd3333!important;}.mgt-timeline-54150270.mgt-timeline-wrapper:before {background-color: #dd3333!important;}.mgt-timeline-54150270.mgt-timeline-wrapper.mgt-timeline-pointer-style-line .mgt-timeline-details-pointer,.mgt-timeline-54150270.mgt-timeline-wrapper.mgt-timeline-pointer-style-dottedline .mgt-timeline-details-pointer,.mgt-timeline-54150270.mgt-timeline-wrapper.mgt-timeline-pointer-style-dashedline .mgt-timeline-details-pointer {border-color: #dd3333!important;}<\/style><div class=\"mgt-timeline-wrapper mgt-timeline-85521384 mgt-timeline-border-circle mgt-timeline-dots-bottom mgt-timeline-date-right mgt-timeline-border-style-squared mgt-timeline-style-solid mgt-timeline-pointer-style-triangle wpb_content_element text- text-left\"><div class=\"mgt-timeline-details-wrapper\"><div class=\"mgt-timeline-details\"><h5 class=\"mgt-timeline-title text-font-weight-default \">Experts<\/h5><div class=\"mgt-timeline-text\">R\u00e9f\u00e9rer aux experts requis tout au Iong du processus de vente<\/div><div class=\"mgt-timeline-details-pointer\"><\/div><\/div><\/div><div class=\"mgt-timeline-icon-wrapper\"><div class=\"mgt-timeline-icon\"><i class=\"fas fa-users-cog\"><\/i><\/div><\/div><div class=\"mgt-timeline-date\"><div class=\"mgt-timeline-date-month\"><\/div><div class=\"mgt-timeline-date-year\">9<\/div><\/div><\/div><style scoped='scoped'>.mgt-timeline-85521384.mgt-timeline-wrapper .mgt-timeline-icon-wrapper {background-color: #dd3333!important;}.mgt-timeline-85521384.mgt-timeline-wrapper:before {background-color: #dd3333!important;}.mgt-timeline-85521384.mgt-timeline-wrapper.mgt-timeline-pointer-style-line .mgt-timeline-details-pointer,.mgt-timeline-85521384.mgt-timeline-wrapper.mgt-timeline-pointer-style-dottedline .mgt-timeline-details-pointer,.mgt-timeline-85521384.mgt-timeline-wrapper.mgt-timeline-pointer-style-dashedline .mgt-timeline-details-pointer {border-color: #dd3333!important;}<\/style><div class=\"mgt-timeline-wrapper mgt-timeline-3348397 mgt-timeline-border-circle mgt-timeline-dots-both mgt-timeline-date-left mgt-timeline-border-style-squared mgt-timeline-style-solid mgt-timeline-pointer-style-triangle wpb_content_element text- text-left\"><div class=\"mgt-timeline-details-wrapper\"><div class=\"mgt-timeline-details\"><a href=\"https:\/\/google.com\/\" ><h5 class=\"mgt-timeline-title text-font-weight-default \">Signature de l'acte de vente<\/h5><\/a><div class=\"mgt-timeline-text\">Vous accompagner lors de la signature de l&#8217;acte de vente<\/div><div class=\"mgt-timeline-details-pointer\"><\/div><\/div><\/div><div class=\"mgt-timeline-icon-wrapper\"><a href=\"https:\/\/google.com\/\"><div class=\"mgt-timeline-icon\"><i class=\"fas fa-file-signature\"><\/i><\/div><\/a><\/div><div class=\"mgt-timeline-date\"><div class=\"mgt-timeline-date-month\"><\/div><div class=\"mgt-timeline-date-year\">10<\/div><\/div><\/div><style scoped='scoped'>.mgt-timeline-3348397.mgt-timeline-wrapper .mgt-timeline-icon-wrapper {background-color: #dd3333!important;}.mgt-timeline-3348397.mgt-timeline-wrapper:before {background-color: #dd3333!important;}.mgt-timeline-3348397.mgt-timeline-wrapper.mgt-timeline-pointer-style-line .mgt-timeline-details-pointer,.mgt-timeline-3348397.mgt-timeline-wrapper.mgt-timeline-pointer-style-dottedline .mgt-timeline-details-pointer,.mgt-timeline-3348397.mgt-timeline-wrapper.mgt-timeline-pointer-style-dashedline .mgt-timeline-details-pointer {border-color: #dd3333!important;}<\/style><div class=\"mgt-timeline-wrapper mgt-timeline-53144455 mgt-timeline-border-circle mgt-timeline-dots-bottom mgt-timeline-date-right mgt-timeline-border-style-squared mgt-timeline-style-solid mgt-timeline-pointer-style-triangle wpb_content_element text- text-left\"><div class=\"mgt-timeline-details-wrapper\"><div class=\"mgt-timeline-details\"><h5 class=\"mgt-timeline-title text-font-weight-default \">Protection Royale<\/h5><div class=\"mgt-timeline-text\">Nous vous offrons la Protection Royale de Royal LePage sans frais (<em><strong>Selon les crit\u00e8res d\u2019admissibilit\u00e9 au programme<\/strong><\/em>)<\/p>\n<p><a href=\"https:\/\/www.royallepage.ca\/fr\/immobilier\/protection-royale\/\" target=\"_blank\" rel=\"noopener\"><img fetchpriority=\"high\" decoding=\"async\" class=\"alignnone size-medium wp-image-567 aligncenter\" src=\"https:\/\/2courtiers.ca\/wp-content\/uploads\/2022\/08\/Eee-280x300.jpg\" alt=\"\" width=\"280\" height=\"300\" srcset=\"https:\/\/2courtiers.ca\/wp-content\/uploads\/2022\/08\/Eee-280x300.jpg 280w, https:\/\/2courtiers.ca\/wp-content\/uploads\/2022\/08\/Eee.jpg 500w\" sizes=\"(max-width: 280px) 100vw, 280px\" \/><\/a><\/div><div class=\"mgt-timeline-details-pointer\"><\/div><\/div><\/div><div class=\"mgt-timeline-icon-wrapper\"><div class=\"mgt-timeline-icon\"><i class=\"fas fa-user-shield\"><\/i><\/div><\/div><div class=\"mgt-timeline-date\"><div class=\"mgt-timeline-date-month\"><\/div><div class=\"mgt-timeline-date-year\">11<\/div><\/div><\/div><style scoped='scoped'>.mgt-timeline-53144455.mgt-timeline-wrapper .mgt-timeline-icon-wrapper {background-color: #dd3333!important;}.mgt-timeline-53144455.mgt-timeline-wrapper:before {background-color: #dd3333!important;}.mgt-timeline-53144455.mgt-timeline-wrapper.mgt-timeline-pointer-style-line .mgt-timeline-details-pointer,.mgt-timeline-53144455.mgt-timeline-wrapper.mgt-timeline-pointer-style-dottedline .mgt-timeline-details-pointer,.mgt-timeline-53144455.mgt-timeline-wrapper.mgt-timeline-pointer-style-dashedline .mgt-timeline-details-pointer {border-color: #dd3333!important;}<\/style><div class=\"vc_empty_space\"   style=\"height: 32px\"><span class=\"vc_empty_space_inner\"><\/span><\/div><div class=\"vc_empty_space\"   style=\"height: 32px\"><span class=\"vc_empty_space_inner\"><\/span><\/div><div class=\"vc_empty_space\"   style=\"height: 32px\"><span class=\"vc_empty_space_inner\"><\/span><\/div><div class=\"sec-heading text-left  \"><h2 class=\"section-title\">Contactez-nous<\/h2><p>\n<h5 style=\"text-align: center;\">D\u00e8s le d\u00e9but de votre processus d&#8217;achat, nous pourrons vous aider \u00e0 faire que votre project<br \/>\ndevienne r\u00e9alit\u00e9<\/h5>\n<p>&nbsp;<\/p>\n<h5 style=\"text-align: center;\">Vous vous devez d&#8217;avoir tous les \u00e9l\u00e9ments en main qui vous permettrons de r\u00e9aliser votre transaction<\/h5>\n<h5 style=\"text-align: center;\">Au-del\u00e0 d&#8217;une transaction.<br \/>\nUne relation.<\/h5>\n<p>&nbsp;<\/p>\n<h3 style=\"text-align: center;\">Au plaisir de vous rencontrer tr\u00e8s bient\u00f4t!<\/h3>\n<\/p><\/div><\/div><\/div><\/div><\/div><\/div><\/div><\/section><div class=\"clear\"><\/div><div class=\"clear\"><\/div><section class=\"full-width-section wr-section-full-width    \"><div class=\"block-wrapper   \"><div class=\"section-wrapper  \"><div class=\"row-layout row-off  \"><div class=\"wpb_column vc_column_container vc_col-sm-12\"><div class=\"vc_column-inner\"><div class=\"wpb_wrapper\"><\/div><\/div><\/div><\/div><\/div><\/div><\/section><div class=\"clear\"><\/div>\n","protected":false},"excerpt":{"rendered":"NOTRE OFFRE DE SERVICE HUMANIA ACHETEUR Vous \u00eates \u00e0 la recherche de votre propri\u00e9t\u00e9 coup de coeur, qu'il s'agisse d'un premier achat ou d'une autre \u00e9tape de votre vie! &nbsp; Nous vous proposons notre service HUMANIA: Besoins du clientUn premier rendez-vous pour bien vous \u00e9couter, vous comprendre et respecter vos besoins1AccompagnementVous accompagner, vous conseiller et vous soutenir dans chacune des...","protected":false},"author":1,"featured_media":0,"parent":0,"menu_order":0,"comment_status":"closed","ping_status":"closed","template":"","meta":{"_acf_changed":false,"footnotes":"","_links_to":"","_links_to_target":""},"class_list":["post-504","page","type-page","status-publish","hentry"],"acf":[],"_links":{"self":[{"href":"https:\/\/2courtiers.ca\/fr\/wp-json\/wp\/v2\/pages\/504","targetHints":{"allow":["GET"]}}],"collection":[{"href":"https:\/\/2courtiers.ca\/fr\/wp-json\/wp\/v2\/pages"}],"about":[{"href":"https:\/\/2courtiers.ca\/fr\/wp-json\/wp\/v2\/types\/page"}],"author":[{"embeddable":true,"href":"https:\/\/2courtiers.ca\/fr\/wp-json\/wp\/v2\/users\/1"}],"replies":[{"embeddable":true,"href":"https:\/\/2courtiers.ca\/fr\/wp-json\/wp\/v2\/comments?post=504"}],"version-history":[{"count":4,"href":"https:\/\/2courtiers.ca\/fr\/wp-json\/wp\/v2\/pages\/504\/revisions"}],"predecessor-version":[{"id":804,"href":"https:\/\/2courtiers.ca\/fr\/wp-json\/wp\/v2\/pages\/504\/revisions\/804"}],"wp:attachment":[{"href":"https:\/\/2courtiers.ca\/fr\/wp-json\/wp\/v2\/media?parent=504"}],"curies":[{"name":"wp","href":"https:\/\/api.w.org\/{rel}","templated":true}]}}