{"id":345,"date":"2022-08-01T23:22:16","date_gmt":"2022-08-01T23:22:16","guid":{"rendered":"https:\/\/2courtiers.ca\/?page_id=345"},"modified":"2022-08-02T00:04:58","modified_gmt":"2022-08-02T00:04:58","slug":"termes-conditions","status":"publish","type":"page","link":"https:\/\/2courtiers.ca\/fr\/termes-conditions\/","title":{"rendered":"Termes &#038; Conditions"},"content":{"rendered":"<div class=\"clear\"><\/div><section class=\"full-width-section wr-section-full-width    \"><div class=\"block-wrapper   \"><div class=\"section-wrapper  \"><div class=\"row-layout row-off  \"><div class=\"wpb_column vc_column_container vc_col-sm-12\"><div class=\"vc_column-inner\"><div class=\"wpb_wrapper\">\n\t<div class=\"wpb_text_column wpb_content_element\" >\n\t\t<div class=\"wpb_wrapper\">\n\t\t\t<p>Le pr\u00e9sent site web et son contenu sont la propri\u00e9t\u00e9 de 2Courtiers Inc. (ci-apr\u00e8s &#8220;2Courtiers Inc&#8221;) dont le si\u00e8ge social est situ\u00e9 au 262 Ch. du Mont Castor, Ste-Agathe des Monts, Qc, J8C2Z8.<\/p>\n<h5>Modalit\u00e9s du site:<\/h5>\n<p>Votre acc\u00e8s \u00e0 ce site web et votre utilisation implique votre acception des conditions d\u2019utilisation \u00e9nonc\u00e9es aux pr\u00e9sentes et \u00e0 toutes autres conditions suppl\u00e9mentaires qui peuvent s\u2019ajouter par des modifications ult\u00e9rieures apport\u00e9es au site web ou \u00e0 son contenu, sans avis au pr\u00e9alable. \u00c0 moins d\u2019indication contraire, toute modification aux conditions d\u2019utilisation entre en vigueur d\u00e8s son int\u00e9gration au site web. Chaque nouvelle visite du site web implique une acceptation des nouvelles conditions d\u2019utilisation qui ont pu \u00eatre ajout\u00e9es depuis les visites pr\u00e9c\u00e9dentes. Il est fortement sugg\u00e9r\u00e9 de consulter r\u00e9guli\u00e8rement la version la plus r\u00e9cente des conditions d\u2019utilisation.<\/p>\n<h5>Contenu du site :<\/h5>\n<p>Les renseignements fournis dans ce site web visent \u00e0 procurer de l\u2019information sur les produits et services offerts par 2Courtiers. Tous les efforts raisonnables sont d\u00e9ploy\u00e9s pour assurer l\u2019exactitude de ces renseignements. Il est possible que des erreurs se glissent \u00e0 l\u2019occasion et nous nous en excusons. Si vous d\u00e9celez une erreur, nous vous prions d\u2019en aviser notre service \u00e0 la client\u00e8le \u00e0 l\u2019adresse suivante : info@2courtiers.ca afin que les correctifs soient apport\u00e9s. Les courtiers immobiliers dont les noms apparaissent dans ce site web sont en principe d\u00e9tenteurs d\u2019un permis de courtier immobilier ou encore d\u2019un permis de courtier immobilier r\u00e9sidentiel ou commercial. Cependant, aucune garantie sp\u00e9cifique \u00e0 cet \u00e9gard n\u2019est donn\u00e9e \u00e0 l\u2019utilisateur du site web. En cas de doute, ce dernier devrait s\u2019en assurer aupr\u00e8s des autorit\u00e9s comp\u00e9tentes.<\/p>\n<h5>Propri\u00e9t\u00e9 intellectuelle :<\/h5>\n<p>Le site web et son contenu notamment, les marques de commerce, les textes, les graphiques, le mat\u00e9riel audio et vid\u00e9o ainsi que l\u2019agencement de ceux-ci sont la propri\u00e9t\u00e9 exclusive de 2Courtiers, de ses fournisseurs ou de tiers qui l\u2019ont autoris\u00e9 \u00e0 les incorporer \u00e0 son site web. Tous ces \u00e9l\u00e9ments sont prot\u00e9g\u00e9s en vertu des lois sur la propri\u00e9t\u00e9 intellectuelle, dont notamment celles portant sur les droits d\u2019auteur et les marques de commerce. Aucun de ces \u00e9l\u00e9ments ne peut \u00eatre, en tout ou en partie, copi\u00e9, modifi\u00e9 ou autrement reproduit sur quelque support mat\u00e9riel que ce soit, ni ne peut \u00eatre, en tout ou en partie, alt\u00e9r\u00e9, publi\u00e9, diffus\u00e9, distribu\u00e9, vendu, transf\u00e9r\u00e9 ou utilis\u00e9, de quelque mani\u00e8re que ce soit, sans 2 l\u2019autorisation \u00e9crite au pr\u00e9alable de 2Courtiers et de celle de tout autre propri\u00e9taire de ces \u00e9l\u00e9ments, le cas \u00e9ch\u00e9ant. N\u00e9anmoins, toute visualisation ou impression des \u00e9l\u00e9ments contenus dans ce site web est permise si elle a pour but une utilisation priv\u00e9e, personnelle et informationnelle, sans aucun objectif commercial direct ou indirect et dans la mesure o\u00f9 les conditions d\u2019utilisation du site web sont respect\u00e9es. Aucune disposition du site ne peut \u00eatre interpr\u00e9t\u00e9e comme conf\u00e9rant express\u00e9ment ou implicitement une licence ou tout autre droit d\u2019utilisation ou reproduction des marques de commerce ou autres \u00e9l\u00e9ments contenus dans le site web.<\/p>\n<h5>Utilisation interdite du site :<\/h5>\n<p>Il est strictement interdit de modifier de quelque mani\u00e8re que ce soit les donn\u00e9es relatives aux inscriptions immobili\u00e8res qui apparaissent sur le site web ou de recueillir, emmagasiner, r\u00e9organiser ou manipuler ces donn\u00e9es afin de les pr\u00e9senter diff\u00e9remment ou de les publier ailleurs, sans l\u2019autorisation \u00e9crite de l\u2019auteur. Il est aussi strictement interdit d\u2019utiliser ce site pour y afficher de l\u2019information non autoris\u00e9e par 2Courtiers ou y introduire, par quelque moyen, toute forme d\u2019information qui aurait pour effet de faire la promotion d\u2019int\u00e9r\u00eats commerciaux autre que ceux de 2Courtiers ou de discr\u00e9diter ceux de 2Courtiers.<\/p>\n<h5>Lien vers les autres sites :<\/h5>\n<p>Le site web peut afficher des liens vers d\u2019autres sites web qui n\u2019appartiennent pas \u00e0 2Courtiers. Ces liens sont fournis uniquement dans le but d\u2019offrir des renseignements compl\u00e9mentaires et aux fins de commodit\u00e9. La pr\u00e9sence de ces liens dans le site web ne signifie pas que 2Courtiers appuie ou recommande les renseignements contenus sur les sites web reli\u00e9s. N\u2019ayant aucun contr\u00f4le sur ces autres sites web, 2Courtiers, ses administrateurs, dirigeants, employ\u00e9s, agents ou mandataires et ses partenaires commerciaux ainsi que toute personne impliqu\u00e9e dans la cr\u00e9ation, la production, la diffusion ou l\u2019entretien du site web, n\u2019assument aucune responsabilit\u00e9 ou garantie quant \u00e0 leur contenu, aux pratiques qui y sont op\u00e9r\u00e9es ou relativement aux cons\u00e9quences de toute transmission de quelque information que vous auriez pu fournir, apr\u00e8s avoir acc\u00e9d\u00e9 \u00e0 ces sites web, par le biais de ces liens. 3<\/p>\n<h5>Acc\u00e8s au site :<\/h5>\n<p>2Courtiers s\u2019efforce de permettre l\u2019acc\u00e8s au site 24 heures sur 24, 7 jours sur 7, sauf en cas de force majeure ou d\u2019un \u00e9v\u00e9nement hors de son contr\u00f4le, et sous r\u00e9serve des \u00e9ventuelles pannes et interventions de maintenance n\u00e9cessaires au bon fonctionnement du site web et des services qui y sont offerts.<\/p>\n<h5>Communication par l\u2019internet :<\/h5>\n<p>En tant qu\u2019utilisateur d\u2019un syst\u00e8me de communication par internet, vous d\u00e9clarez en accepter les caract\u00e9ristiques et les limites. Plus particuli\u00e8rement, vous reconnaissez que les donn\u00e9es circulant sur l\u2019internet ne sont pas prot\u00e9g\u00e9es notamment contre les d\u00e9tournements \u00e9ventuels. Vous reconnaissez aussi que 2Courtiers n\u2019assume aucune responsabilit\u00e9 sur les services accessibles par l\u2019internet et n\u2019exerce aucun contr\u00f4le de quelque forme que ce soit sur la nature et les caract\u00e9ristiques des donn\u00e9es qui pourraient transiter par l\u2019interm\u00e9diaire de son centre serveur. Les communications de toute information consid\u00e9r\u00e9e sensible ou confidentielle se font aux risques et p\u00e9ril de l\u2019utilisateur.<\/p>\n<h5>Modification ou fermeture du site :<\/h5>\n<p>En tout temps et \u00e0 sa seule discr\u00e9tion, 2Courtiers peut modifier le site web ou son contenu ou m\u00eame le fermer, sans avis au pr\u00e9alable.<\/p>\n<h5>Protection des renseignements personnels :<\/h5>\n<p>Tous renseignements personnels que vous fournissez, en tant qu\u2019utilisateur du site web, que ce soit lors de l\u2019utilisation des services immobiliers offerts dans le site web ou par le biais de la fonction &#8220;Contactez-nous&#8221; ou autrement, sont trait\u00e9s en conformit\u00e9 avec les lois applicables en mati\u00e8re de protection des renseignements personnels et \u00e0 la politique que nous avons \u00e9labor\u00e9e \u00e0 cette fin. Cette politique est accessible sur notre site web.<\/p>\n<h5>Exclusion de garantie :<\/h5>\n<p>Tout ce qui est offert dans notre site web est offert, &#8220;tel quel&#8221;, sans repr\u00e9sentation ou garantie particuli\u00e8re, dans les limites pr\u00e9vues par la loi. Plus particuli\u00e8rement, aucune repr\u00e9sentation ou garantie n\u2019est donn\u00e9e \u00e0 l\u2019\u00e9gard de l\u2019acc\u00e8s et du fonctionnement du site web, sa rapidit\u00e9 ou sa performance, ni \u00e0 l\u2019\u00e9gard de l\u2019exhaustivit\u00e9, l\u2019exactitude ou la pertinence du contenu du site web, y compris, mais sans limiter la g\u00e9n\u00e9ralit\u00e9 de ce qui pr\u00e9c\u00e8de les renseignements sur les courtiers immobiliers, les immeubles affich\u00e9s, leur qualit\u00e9 marchande, l\u2019usage pour lequel ils sont destin\u00e9s, les titres et l\u2019absence de contrefa\u00e7on.<\/p>\n<h5>Exclusion de responsabilit\u00e9 :<\/h5>\n<p>Vous reconnaissez que l\u2019utilisation du site web et ceux des tiers auxquels vous pouvez acc\u00e9der par les liens affich\u00e9s sur le site web, sont \u00e0 vos seuls risques. Par cons\u00e9quent, 2Courtiers, ses administrateurs, dirigeants, employ\u00e9s, agents ou mandataires, et ses partenaires commerciaux ainsi que toute personne impliqu\u00e9e dans la cr\u00e9ation, la production, la diffusion ou l\u2019entretien du site web, d\u00e9clinent toute responsabilit\u00e9 relativement \u00e0 tout dommage et perte, directs ou indirects, pouvant \u00eatre caus\u00e9s \u00e0 l\u2019utilisateur du site web, \u00e0 son \u00e9quipement informatique ou \u00e0 ses donn\u00e9es, que ce 5 soit en raison de probl\u00e8mes techniques, d\u2019erreurs ou d\u00e9lais dans la transmission d\u2019information, de t\u00e9l\u00e9chargements, de virus informatique ou autrement ainsi que relativement \u00e0 tout dommage et perte, directs ou indirects, li\u00e9s \u00e0 l\u2019utilisation du site web par quiconque (que l\u2019acc\u00e8s ait \u00e9t\u00e9 autoris\u00e9 ou non), relativement \u00e0 l\u2019impossibilit\u00e9 d\u2019utiliser le site \u00e0 quelque moment et peu importe la dur\u00e9e ou la fr\u00e9quence ou encore relativement aux cons\u00e9quences de l\u2019utilisation de sites web de tiers auxquels vous avez pu acc\u00e9der par des liens affich\u00e9s dans le site web.<\/p>\n<h5>Droit applicable :<\/h5>\n<p>Les pr\u00e9sentes conditions d\u2019utilisation du site web sont r\u00e9gies par les lois applicables dans la province de Qu\u00e9bec. Commentaires des utilisateurs; Dans un souci d\u2019am\u00e9liorer sans cesse la qualit\u00e9 des services aux utilisateurs de son site web, 2Courtiers vous invite \u00e0 lui soumettre vos commentaires par courriel \u00e0 info@2courtiers.ca.<\/p>\n\n\t\t<\/div>\n\t<\/div>\n<\/div><\/div><\/div><\/div><\/div><\/div><\/section><div class=\"clear\"><\/div>\n","protected":false},"excerpt":{"rendered":"Le pr\u00e9sent site web et son contenu sont la propri\u00e9t\u00e9 de 2Courtiers Inc. (ci-apr\u00e8s \"2Courtiers Inc\") dont le si\u00e8ge social est situ\u00e9 au 262 Ch. du Mont Castor, Ste-Agathe des Monts, Qc, J8C2Z8. Modalit\u00e9s du site: Votre acc\u00e8s \u00e0 ce site web et votre utilisation implique votre acception des conditions d\u2019utilisation \u00e9nonc\u00e9es aux pr\u00e9sentes et \u00e0 toutes autres conditions suppl\u00e9mentaires...","protected":false},"author":1,"featured_media":0,"parent":0,"menu_order":0,"comment_status":"closed","ping_status":"closed","template":"","meta":{"_acf_changed":false,"footnotes":"","_links_to":"","_links_to_target":""},"class_list":["post-345","page","type-page","status-publish","hentry"],"acf":[],"_links":{"self":[{"href":"https:\/\/2courtiers.ca\/fr\/wp-json\/wp\/v2\/pages\/345","targetHints":{"allow":["GET"]}}],"collection":[{"href":"https:\/\/2courtiers.ca\/fr\/wp-json\/wp\/v2\/pages"}],"about":[{"href":"https:\/\/2courtiers.ca\/fr\/wp-json\/wp\/v2\/types\/page"}],"author":[{"embeddable":true,"href":"https:\/\/2courtiers.ca\/fr\/wp-json\/wp\/v2\/users\/1"}],"replies":[{"embeddable":true,"href":"https:\/\/2courtiers.ca\/fr\/wp-json\/wp\/v2\/comments?post=345"}],"version-history":[{"count":0,"href":"https:\/\/2courtiers.ca\/fr\/wp-json\/wp\/v2\/pages\/345\/revisions"}],"wp:attachment":[{"href":"https:\/\/2courtiers.ca\/fr\/wp-json\/wp\/v2\/media?parent=345"}],"curies":[{"name":"wp","href":"https:\/\/api.w.org\/{rel}","templated":true}]}}