{"id":85,"date":"2021-09-30T22:50:07","date_gmt":"2021-09-30T22:50:07","guid":{"rendered":"https:\/\/webredox.net\/demo\/wp\/bauen\/light\/multi\/demo1\/?page_id=85"},"modified":"2022-09-10T02:32:19","modified_gmt":"2022-09-10T02:32:19","slug":"outils","status":"publish","type":"page","link":"http:\/\/2courtiers.ca\/fr\/outils\/","title":{"rendered":"OUTILS"},"content":{"rendered":"<div class=\"wpb-content-wrapper\"><div class=\"clear\"><\/div><section class=\"full-width-section     \"><div class=\"block-wrapper  section-padding2 \"><div class=\"section-wrapper container \"><div class=\"row-layout  row \"><div class=\"wpb_column vc_column_container vc_col-sm-12\"><div class=\"vc_column-inner\"><div class=\"wpb_wrapper\"><div class=\"sec-heading text-left  \"><h2 class=\"section-title\"><span class=\"text-color-red\"> OUTILS <\/span><\/h2><\/div><div class=\"vc_row wpb_row vc_inner vc_row-fluid \"><div class=\"wpb_column vc_column_container vc_col-sm-3\"><div class=\"vc_column-inner\"><div class=\"wpb_wrapper\"><div class=\"cq-infoblock cq-infoblock-avapos-left cq-infoblock-bar-float cq-infoblock-avatar-medium cq-infoblock-shape-rounded  \" style=\"background-image:url(https:\/\/2courtiers.ca\/wp-content\/uploads\/2022\/08\/3.jpeg);background-color:rgba(0,0,0,0.5);\" data-iconcolor=\"\" data-iconbg=\"#dd3333\" data-iconhovercolor=\"\" data-iconhoverbg=\"\" data-bghovercolor=\"\" data-barhoverbg=\"\" data-bgcolor=\"rgba(0,0,0,0.5)\" data-barbgcolor=\"\"><div class=\"cq-infoblock-content\" style=\"background-color:rgba(0,0,0,0.5);\"><div class=\"cq-infoblock-textcontainer\"><span class=\"cq-infoblock-iconarea\" style=\"background-color:#dd3333;background-image:url()\"><i class=\"cq-infoblock-icon fas fa-calculator\" style=\"color:;\"><\/i><\/span><div class=\"cq-infoblock-text\"><h4 class=\"cq-infoblock-title\" style=\"font-size:;color:\">Calculatrice hypoth\u00e9caire<\/h4><div class=\"vc_btn3-container vc_btn3-center vc_do_btn\" ><a class=\"vc_general vc_btn3 vc_btn3-size-sm vc_btn3-shape-rounded vc_btn3-style-modern vc_btn3-color-blue\" href=\"https:\/\/2courtiers.ca\/calculatrice-hypothecaire\/\" title=\"Calculatrice hypoth\u00e9caire\">Calculatrice<br \/>\nhypoth\u00e9caire<\/a><\/div><\/div><\/div> <\/div><\/div><\/div><\/div><\/div><div class=\"wpb_column vc_column_container vc_col-sm-3\"><div class=\"vc_column-inner\"><div class=\"wpb_wrapper\"><div class=\"cq-infoblock cq-infoblock-avapos-left cq-infoblock-bar-float cq-infoblock-avatar-medium cq-infoblock-shape-rounded  \" style=\"background-image:url(https:\/\/2courtiers.ca\/wp-content\/uploads\/2022\/08\/6.jpeg);background-color:rgba(0,0,0,0.5);\" data-iconcolor=\"\" data-iconbg=\"#dd3333\" data-iconhovercolor=\"\" data-iconhoverbg=\"\" data-bghovercolor=\"\" data-barhoverbg=\"\" data-bgcolor=\"rgba(0,0,0,0.5)\" data-barbgcolor=\"\"><div class=\"cq-infoblock-content\" style=\"background-color:rgba(0,0,0,0.5);\"><div class=\"cq-infoblock-textcontainer\"><span class=\"cq-infoblock-iconarea\" style=\"background-color:#dd3333;background-image:url()\"><i class=\"cq-infoblock-icon fas fa-chart-line\" style=\"color:;\"><\/i><\/span><div class=\"cq-infoblock-text\"><h4 class=\"cq-infoblock-title\" style=\"font-size:;color:\">\u00c9valuation En-ligne<\/h4><div class=\"vc_btn3-container vc_btn3-center vc_do_btn\" ><a class=\"vc_general vc_btn3 vc_btn3-size-sm vc_btn3-shape-rounded vc_btn3-style-modern vc_btn3-color-blue\" href=\"https:\/\/2courtiers.ca\/demande-devaluation\/\" title=\"\u00c9valuation En-ligne\">Soumettre une \u00e9valuation en-ligne<\/a><\/div><\/div><\/div> <\/div><\/div><\/div><\/div><\/div><div class=\"wpb_column vc_column_container vc_col-sm-3\"><div class=\"vc_column-inner\"><div class=\"wpb_wrapper\"><div class=\"cq-infoblock cq-infoblock-avapos-left cq-infoblock-bar-float cq-infoblock-avatar-medium cq-infoblock-shape-rounded  \" style=\"background-image:url(https:\/\/2courtiers.ca\/wp-content\/uploads\/2022\/08\/4.jpeg);background-color:rgba(0,0,0,0.5);\" data-iconcolor=\"\" data-iconbg=\"#dd3333\" data-iconhovercolor=\"\" data-iconhoverbg=\"\" data-bghovercolor=\"\" data-barhoverbg=\"\" data-bgcolor=\"rgba(0,0,0,0.5)\" data-barbgcolor=\"\"><div class=\"cq-infoblock-content\" style=\"background-color:rgba(0,0,0,0.5);\"><div class=\"cq-infoblock-textcontainer\"><span class=\"cq-infoblock-iconarea\" style=\"background-color:#dd3333;background-image:url()\"><i class=\"cq-infoblock-icon fas fa-bell\" style=\"color:;\"><\/i><\/span><div class=\"cq-infoblock-text\"><h4 class=\"cq-infoblock-title\" style=\"font-size:;color:\">Recherchez une propri\u00e9t\u00e9<\/h4><div class=\"vc_btn3-container vc_btn3-center vc_do_btn\" ><a class=\"vc_general vc_btn3 vc_btn3-size-sm vc_btn3-shape-rounded vc_btn3-style-modern vc_btn3-color-blue\" href=\"https:\/\/2courtiers.ca\/rechercher-une-propriete-des-maintenant\/\" title=\"Recherchez une propri\u00e9t\u00e9\">Recherchez une propri\u00e9t\u00e9 maintenant<\/a><\/div><\/div><\/div> <\/div><\/div><\/div><\/div><\/div><div class=\"wpb_column vc_column_container vc_col-sm-3\"><div class=\"vc_column-inner\"><div class=\"wpb_wrapper\"><div class=\"cq-infoblock cq-infoblock-avapos-left cq-infoblock-bar-float cq-infoblock-avatar-medium cq-infoblock-shape-rounded  \" style=\"background-image:url(https:\/\/2courtiers.ca\/wp-content\/uploads\/2022\/08\/7.jpeg);background-color:rgba(0,0,0,0.5);\" data-iconcolor=\"\" data-iconbg=\"#dd3333\" data-iconhovercolor=\"\" data-iconhoverbg=\"\" data-bghovercolor=\"\" data-barhoverbg=\"\" data-bgcolor=\"rgba(0,0,0,0.5)\" data-barbgcolor=\"\"><div class=\"cq-infoblock-content\" style=\"background-color:rgba(0,0,0,0.5);\"><div class=\"cq-infoblock-textcontainer\"><a href=\"https:\/\/2courtiers.ca\/liens-immobiliers\/\" class=\"cq-infoblock-link\" title=\"Liens immobiliers\" target=\"\"><span class=\"cq-infoblock-iconarea\" style=\"background-color:#dd3333;background-image:url()\"><i class=\"cq-infoblock-icon fas fa-house-damage\" style=\"color:;\"><\/i><\/span><\/a><div class=\"cq-infoblock-text\"><h4 class=\"cq-infoblock-title\" style=\"font-size:;color:\">Liens importants<\/h4><div class=\"vc_btn3-container vc_btn3-center vc_do_btn\" ><a class=\"vc_general vc_btn3 vc_btn3-size-sm vc_btn3-shape-rounded vc_btn3-style-modern vc_btn3-color-blue\" href=\"https:\/\/2courtiers.ca\/liens-immobiliers\/\" title=\"Liens importants\">Liens immobiliers importants<\/a><\/div><\/div><\/div> <\/div><\/div><\/div><\/div><\/div><\/div><div class=\"vc_empty_space\"   style=\"height: 32px\"><span class=\"vc_empty_space_inner\"><\/span><\/div><div class=\"vc_empty_space\"   style=\"height: 32px\"><span class=\"vc_empty_space_inner\"><\/span><\/div><div class=\"vc_row wpb_row vc_inner vc_row-fluid \"><div class=\"wpb_column vc_column_container vc_col-sm-3\"><div class=\"vc_column-inner\"><div class=\"wpb_wrapper\"><\/div><\/div><\/div><div class=\"wpb_column vc_column_container vc_col-sm-3\"><div class=\"vc_column-inner\"><div class=\"wpb_wrapper\"><div class=\"cq-infoblock cq-infoblock-avapos-left cq-infoblock-bar-float cq-infoblock-avatar-medium cq-infoblock-shape-rounded  \" style=\"background-image:url(https:\/\/2courtiers.ca\/wp-content\/uploads\/2022\/08\/acheteurs.jpg);background-color:rgba(0,0,0,0.5);\" data-iconcolor=\"\" data-iconbg=\"#dd3333\" data-iconhovercolor=\"\" data-iconhoverbg=\"\" data-bghovercolor=\"\" data-barhoverbg=\"\" data-bgcolor=\"rgba(0,0,0,0.5)\" data-barbgcolor=\"\"><div class=\"cq-infoblock-content\" style=\"background-color:rgba(0,0,0,0.5);\"><div class=\"cq-infoblock-textcontainer\"><span class=\"cq-infoblock-iconarea\" style=\"background-color:#dd3333;background-image:url()\"><i class=\"cq-infoblock-icon fas fa-user-friends\" style=\"color:;\"><\/i><\/span><div class=\"cq-infoblock-text\"><h4 class=\"cq-infoblock-title\" style=\"font-size:;color:\">Pour les acheteurs<\/h4><div class=\"vc_btn3-container vc_btn3-center vc_do_btn\" ><a class=\"vc_general vc_btn3 vc_btn3-size-sm vc_btn3-shape-rounded vc_btn3-style-modern vc_btn3-color-blue\" href=\"https:\/\/2courtiers.ca\/pour-les-acheteurs\/\" title=\"Pour les acheteurs\">Informations pour les acheteurs<\/a><\/div><\/div><\/div> <\/div><\/div><\/div><\/div><\/div><div class=\"wpb_column vc_column_container vc_col-sm-3\"><div class=\"vc_column-inner\"><div class=\"wpb_wrapper\"><div class=\"cq-infoblock cq-infoblock-avapos-left cq-infoblock-bar-float cq-infoblock-avatar-medium cq-infoblock-shape-rounded  \" style=\"background-image:url(https:\/\/2courtiers.ca\/wp-content\/uploads\/2022\/08\/vendeurs.jpg);background-color:rgba(0,0,0,0.5);\" data-iconcolor=\"\" data-iconbg=\"#dd3333\" data-iconhovercolor=\"\" data-iconhoverbg=\"\" data-bghovercolor=\"\" data-barhoverbg=\"\" data-bgcolor=\"rgba(0,0,0,0.5)\" data-barbgcolor=\"\"><div class=\"cq-infoblock-content\" style=\"background-color:rgba(0,0,0,0.5);\"><div class=\"cq-infoblock-textcontainer\"><span class=\"cq-infoblock-iconarea\" style=\"background-color:#dd3333;background-image:url()\"><i class=\"cq-infoblock-icon fas fa-users\" style=\"color:;\"><\/i><\/span><div class=\"cq-infoblock-text\"><h4 class=\"cq-infoblock-title\" style=\"font-size:;color:\">Pour les vendeurs<\/h4><div class=\"vc_btn3-container vc_btn3-center vc_do_btn\" ><a class=\"vc_general vc_btn3 vc_btn3-size-sm vc_btn3-shape-rounded vc_btn3-style-modern vc_btn3-color-blue\" href=\"https:\/\/2courtiers.ca\/pour-les-vendeurs\/\" title=\"Pour les vendeurs\">Informations pour les vendeurs<\/a><\/div><\/div><\/div> <\/div><\/div><\/div><\/div><\/div><div class=\"wpb_column vc_column_container vc_col-sm-3\"><div class=\"vc_column-inner\"><div class=\"wpb_wrapper\"><\/div><\/div><\/div><\/div><\/div><\/div><\/div><\/div><\/div><\/div><\/section><div class=\"clear\"><\/div>\n<\/div>","protected":false},"excerpt":{"rendered":"OUTILS Calculatrice hypoth\u00e9caireCalculatrice hypoth\u00e9caire \u00c9valuation En-ligneSoumettre une \u00e9valuation en-ligne Recherchez une propri\u00e9t\u00e9Recherchez une propri\u00e9t\u00e9 maintenant Liens importantsLiens immobiliers importants Pour les acheteursInformations pour les acheteurs Pour les vendeursInformations pour les vendeurs","protected":false},"author":1,"featured_media":0,"parent":0,"menu_order":0,"comment_status":"closed","ping_status":"closed","template":"","meta":{"_acf_changed":false,"footnotes":"","_links_to":"","_links_to_target":""},"class_list":["post-85","page","type-page","status-publish","hentry"],"acf":[],"_links":{"self":[{"href":"http:\/\/2courtiers.ca\/fr\/wp-json\/wp\/v2\/pages\/85","targetHints":{"allow":["GET"]}}],"collection":[{"href":"http:\/\/2courtiers.ca\/fr\/wp-json\/wp\/v2\/pages"}],"about":[{"href":"http:\/\/2courtiers.ca\/fr\/wp-json\/wp\/v2\/types\/page"}],"author":[{"embeddable":true,"href":"http:\/\/2courtiers.ca\/fr\/wp-json\/wp\/v2\/users\/1"}],"replies":[{"embeddable":true,"href":"http:\/\/2courtiers.ca\/fr\/wp-json\/wp\/v2\/comments?post=85"}],"version-history":[{"count":0,"href":"http:\/\/2courtiers.ca\/fr\/wp-json\/wp\/v2\/pages\/85\/revisions"}],"wp:attachment":[{"href":"http:\/\/2courtiers.ca\/fr\/wp-json\/wp\/v2\/media?parent=85"}],"curies":[{"name":"wp","href":"https:\/\/api.w.org\/{rel}","templated":true}]}}