{"id":72,"date":"2021-09-30T22:36:45","date_gmt":"2021-09-30T22:36:45","guid":{"rendered":"https:\/\/webredox.net\/demo\/wp\/bauen\/light\/multi\/demo1\/?page_id=72"},"modified":"2023-04-11T17:14:37","modified_gmt":"2023-04-11T17:14:37","slug":"nos-proprietes","status":"publish","type":"page","link":"http:\/\/2courtiers.ca\/fr\/nos-proprietes\/","title":{"rendered":"NOS PROPRI\u00c9T\u00c9S"},"content":{"rendered":"<div class=\"clear\"><\/div><section class=\"full-width-section     \"><div class=\"block-wrapper  section-padding2 \"><div class=\"section-wrapper container \"><div class=\"row-layout  row \"><div class=\"wpb_column vc_column_container vc_col-sm-12\"><div class=\"vc_column-inner\"><div class=\"wpb_wrapper\"><div class=\"sec-heading text-left  \"><h2 class=\"section-title2\">NOS PROPRI\u00c9T\u00c9S <\/h2><\/div><\/div><\/div><\/div><\/div><\/div><\/div><\/section><div class=\"clear\"><\/div><div class=\"clear\"><\/div><section class=\"full-width-section wr-section-full-width    \"><div class=\"block-wrapper   \"><div class=\"section-wrapper  \"><div class=\"row-layout row-off  \"><div class=\"wpb_column vc_column_container vc_col-sm-12\"><div class=\"vc_column-inner\"><div class=\"wpb_wrapper\">\n\t<div class=\"wpb_text_column wpb_content_element\" >\n\t\t<div class=\"wpb_wrapper\">\n\t\t\t<div class=\"container-fluid\"><div class=\"row\">\r\n <div id=\"searchForm\">\r\n <form role=\"search\" method=\"get\" class=\"search-form\" action=\"\">\r\n <div class=\"col-lg-2 col-sm-6\">\r\n <select name=\"vendreoulouer\" class=\"selectSerachForm\">\r\n  <option value=\"\" selected>Louer ou Acheter ?<\/option>\r\n   <option value=\"louer\" >Louer<\/option>\r\n   <option value=\"vendre\" >Acheter<\/option>\r\n  <\/select>\r\n <\/div>\r\n <div class=\"col-lg-3 col-sm-6\">\r\n <select name=\"municipality\" class=\"selectSerachForm\">\r\n <option value=\"\">Dans quelle ville ?<\/option>\r\n  <\/select>\r\n <\/div>\r\n <div class=\"col-lg-3 col-sm-6\">\r\n <select name=\"type\" class=\"selectSerachForm\">\r\n <option value=\"\">Quel type de propri\u00e9t\u00e9 ?<\/option>\r\n  <\/select>\r\n <\/div>\r\n <div class=\"col-lg-2 col-sm-6\">\r\n <input type=\"text\" name=\"mls_number\" placeholder=\"# MLS\" value=\"\" \/>\r\n <\/div>\r\n \r\n <div class=\"col-lg-2 col-sm-12\">\r\n <input type=\"submit\" class=\"search-submit\" value=\"Trouver\" \/>\r\n <\/div>\r\n <\/form>\r\n <\/div>\r\n<\/div><svg aria-hidden=\"true\" style=\"position: absolute; width: 0; height: 0; overflow: hidden;\" version=\"1.1\" xmlns=\"http:\/\/www.w3.org\/2000\/svg\" xmlns:xlink=\"http:\/\/www.w3.org\/1999\/xlink\">\n <defs>\n <symbol id=\"icon-espace-noir\" viewBox=\"0 0 32 32\">\n <path stroke-linejoin=\"round\" stroke-linecap=\"round\" stroke-miterlimit=\"4\" stroke-width=\"0.7869\" d=\"M12.451 3.668h-6.387c-1.566 0-2.834 1.217-2.834 2.719v6.745\"><\/path>\n <path stroke-linejoin=\"round\" stroke-linecap=\"round\" stroke-miterlimit=\"4\" stroke-width=\"0.7869\" d=\"M3.23 18.713v6.555c0 1.607 1.186 2.909 2.649 2.909h6.572\"><\/path>\n <path stroke-linejoin=\"round\" stroke-linecap=\"round\" stroke-miterlimit=\"4\" stroke-width=\"0.7869\" d=\"M19.246 27.968h6.388c1.565 0 2.834-1.217 2.834-2.719v-6.745\"><\/path>\n <path stroke-linejoin=\"round\" stroke-linecap=\"round\" stroke-miterlimit=\"4\" stroke-width=\"0.7869\" d=\"M28.467 13.044v-6.555c0-1.607-1.186-2.909-2.649-2.909h-6.572\"><\/path>\n <path fill=\"#fff\" style=\"fill: var(--color1, #fff)\" stroke-linejoin=\"round\" stroke-linecap=\"round\" stroke-miterlimit=\"4\" stroke-width=\"0.7869\" stroke=\"#000\" d=\"M1.288 6.244h4.489v-4.489h-4.489z\"><\/path>\n <path fill=\"#fff\" style=\"fill: var(--color1, #fff)\" stroke-linejoin=\"round\" stroke-linecap=\"round\" stroke-miterlimit=\"4\" stroke-width=\"0.7869\" stroke=\"#000\" d=\"M1.288 30.273h4.489v-4.489h-4.489z\"><\/path>\n <path fill=\"#fff\" style=\"fill: var(--color1, #fff)\" stroke-linejoin=\"round\" stroke-linecap=\"round\" stroke-miterlimit=\"4\" stroke-width=\"0.7869\" stroke=\"#000\" d=\"M26.222 30.273h4.489v-4.489h-4.489z\"><\/path>\n <path fill=\"#fff\" style=\"fill: var(--color1, #fff)\" stroke-linejoin=\"round\" stroke-linecap=\"round\" stroke-miterlimit=\"4\" stroke-width=\"0.7869\" stroke=\"#000\" d=\"M26.073 6.216h4.489v-4.489h-4.489z\"><\/path>\n <\/symbol>\n <symbol id=\"icon-SDB-noir\" viewBox=\"0 0 32 32\">\n <path stroke-linejoin=\"round\" stroke-linecap=\"round\" stroke-miterlimit=\"4\" stroke-width=\"0.75\" d=\"M29.58 19.422h-27.159c-0.597 0-1.086-0.489-1.086-1.086s0.489-1.086 1.086-1.086h27.159c0.597 0 1.086 0.489 1.086 1.086s-0.489 1.086-1.086 1.086z\"><\/path>\n <path stroke-linejoin=\"round\" stroke-linecap=\"round\" stroke-miterlimit=\"4\" stroke-width=\"0.75\" d=\"M7.2 27.244h17.708c0 0 2.933-0.435 2.933-7.822h-23.683c0 0-0.003 7.822 3.042 7.822z\"><\/path>\n <path stroke-linejoin=\"round\" stroke-linecap=\"round\" stroke-miterlimit=\"4\" stroke-width=\"0.75\" d=\"M21.577 5.408c0 0 0.073-3.15 3.114-3.15s3.15 3.585 3.15 3.585v11.407\"><\/path>\n <path stroke-linejoin=\"round\" stroke-linecap=\"round\" stroke-miterlimit=\"4\" stroke-width=\"0.75\" d=\"M23.723 8.228h-4.345c0 0-0.412-2.499 2.304-2.499s2.042 2.499 2.042 2.499z\"><\/path>\n <path stroke-linejoin=\"round\" stroke-linecap=\"round\" stroke-miterlimit=\"4\" stroke-width=\"0.75\" d=\"M19.585 12.252v0.435\"><\/path>\n <path stroke-linejoin=\"round\" stroke-linecap=\"round\" stroke-miterlimit=\"4\" stroke-width=\"0.75\" d=\"M19.585 10.079v0.435\"><\/path>\n <path stroke-linejoin=\"round\" stroke-linecap=\"round\" stroke-miterlimit=\"4\" stroke-width=\"0.75\" d=\"M19.585 14.425v0.435\"><\/path>\n <path stroke-linejoin=\"round\" stroke-linecap=\"round\" stroke-miterlimit=\"4\" stroke-width=\"0.75\" d=\"M21.323 12.252v0.435\"><\/path>\n <path stroke-linejoin=\"round\" stroke-linecap=\"round\" stroke-miterlimit=\"4\" stroke-width=\"0.75\" d=\"M21.323 10.079v0.435\"><\/path>\n <path stroke-linejoin=\"round\" stroke-linecap=\"round\" stroke-miterlimit=\"4\" stroke-width=\"0.75\" d=\"M21.323 14.425v0.435\"><\/path>\n <path stroke-linejoin=\"round\" stroke-linecap=\"round\" stroke-miterlimit=\"4\" stroke-width=\"0.75\" d=\"M23.062 12.252v0.435\"><\/path>\n <path stroke-linejoin=\"round\" stroke-linecap=\"round\" stroke-miterlimit=\"4\" stroke-width=\"0.75\" d=\"M23.062 10.079v0.435\"><\/path>\n <path stroke-linejoin=\"round\" stroke-linecap=\"round\" stroke-miterlimit=\"4\" stroke-width=\"0.75\" d=\"M23.062 14.425v0.435\"><\/path>\n <path stroke-linejoin=\"round\" stroke-linecap=\"round\" stroke-miterlimit=\"4\" stroke-width=\"0.75\" d=\"M3.127 17.249c0 0 0.163-1.82 2.064-1.82s1.956 1.82 1.956 1.82h-4.020z\"><\/path>\n <path stroke-linejoin=\"round\" stroke-linecap=\"round\" stroke-miterlimit=\"4\" stroke-width=\"0.75\" d=\"M12.306 17.249c0 0-0.163-2.825-3.911-2.825-1.847 0-2.539 1.094-2.539 1.094\"><\/path>\n <path stroke-linejoin=\"round\" stroke-linecap=\"round\" stroke-miterlimit=\"4\" stroke-width=\"0.75\" d=\"M8.83 27.244l-0.978 2.499\"><\/path>\n <path stroke-linejoin=\"round\" stroke-linecap=\"round\" stroke-miterlimit=\"4\" stroke-width=\"0.75\" d=\"M23.55 27.244l0.923 2.499\"><\/path>\n <\/symbol>\n <symbol id=\"icon-chambre-noir\" viewBox=\"0 0 32 32\">\n <path stroke-linejoin=\"miter\" stroke-linecap=\"butt\" stroke-miterlimit=\"4\" stroke-width=\"1.3333\" d=\"M27.115 22.968l-22.369 0.001c-0.474 0.001-0.862 0.375-0.879 0.848-0.017 0.425-0.366 0.761-0.791 0.761h-1.044c-0.41 0-0.744-0.333-0.744-0.744v-13.981c0-1.336 1.093-2.429 2.429-2.429h24.569c1.336 0 2.429 1.093 2.429 2.429v13.99c0 0.405-0.33 0.732-0.735 0.727l-1.221-0.008c-0.547-0.006-0.994-0.441-1.014-0.988-0.013-0.338-0.291-0.605-0.629-0.605z\"><\/path>\n <path stroke-linejoin=\"miter\" stroke-linecap=\"butt\" stroke-miterlimit=\"4\" stroke-width=\"1.3333\" d=\"M1.287 19.446v-2.186c0-1.336 1.093-2.429 2.429-2.429h24.569c1.336 0 2.429 1.093 2.429 2.429v2.186h-29.427z\"><\/path>\n <path stroke-linejoin=\"miter\" stroke-linecap=\"butt\" stroke-miterlimit=\"4\" stroke-width=\"1.3333\" d=\"M17.067 14.831v-2.745c0-0.539 0.441-0.98 0.98-0.98h8.953c0.539 0 0.98 0.441 0.98 0.98v2.745h-10.914z\"><\/path>\n <path stroke-linejoin=\"miter\" stroke-linecap=\"butt\" stroke-miterlimit=\"4\" stroke-width=\"1.3333\" d=\"M3.733 14.831v-2.745c0-0.539 0.441-0.98 0.98-0.98h8.953c0.539 0 0.98 0.441 0.98 0.98v2.745h-10.914z\"><\/path>\n <\/symbol>\n <\/defs>\n<\/svg>\r\n\r\n<div class=\"row\">\r\n<\/div>\r\n<\/div>\n\n\t\t<\/div>\n\t<\/div>\n<\/div><\/div><\/div><\/div><\/div><\/div><\/section><div class=\"clear\"><\/div>\n","protected":false},"excerpt":{"rendered":"NOS PROPRI\u00c9T\u00c9S Louer ou Acheter ? Louer Acheter Dans quelle ville ? Quel type de propri\u00e9t\u00e9 ?","protected":false},"author":1,"featured_media":0,"parent":0,"menu_order":0,"comment_status":"closed","ping_status":"closed","template":"","meta":{"_acf_changed":false,"footnotes":"","_links_to":"","_links_to_target":""},"class_list":["post-72","page","type-page","status-publish","hentry"],"acf":[],"_links":{"self":[{"href":"http:\/\/2courtiers.ca\/fr\/wp-json\/wp\/v2\/pages\/72","targetHints":{"allow":["GET"]}}],"collection":[{"href":"http:\/\/2courtiers.ca\/fr\/wp-json\/wp\/v2\/pages"}],"about":[{"href":"http:\/\/2courtiers.ca\/fr\/wp-json\/wp\/v2\/types\/page"}],"author":[{"embeddable":true,"href":"http:\/\/2courtiers.ca\/fr\/wp-json\/wp\/v2\/users\/1"}],"replies":[{"embeddable":true,"href":"http:\/\/2courtiers.ca\/fr\/wp-json\/wp\/v2\/comments?post=72"}],"version-history":[{"count":2,"href":"http:\/\/2courtiers.ca\/fr\/wp-json\/wp\/v2\/pages\/72\/revisions"}],"predecessor-version":[{"id":945,"href":"http:\/\/2courtiers.ca\/fr\/wp-json\/wp\/v2\/pages\/72\/revisions\/945"}],"wp:attachment":[{"href":"http:\/\/2courtiers.ca\/fr\/wp-json\/wp\/v2\/media?parent=72"}],"curies":[{"name":"wp","href":"https:\/\/api.w.org\/{rel}","templated":true}]}}