{"id":56,"date":"2021-09-30T22:12:42","date_gmt":"2021-09-30T22:12:42","guid":{"rendered":"https:\/\/webredox.net\/demo\/wp\/bauen\/light\/multi\/demo1\/?page_id=56"},"modified":"2022-10-03T20:38:57","modified_gmt":"2022-10-03T20:38:57","slug":"a-propos","status":"publish","type":"page","link":"http:\/\/2courtiers.ca\/fr\/a-propos\/","title":{"rendered":"\u00c0 PROPOS"},"content":{"rendered":"<div class=\"clear\"><\/div><section class=\"full-width-section     \"><div class=\"block-wrapper  section-padding2 \"><div class=\"section-wrapper container \"><div class=\"row-layout  row \"><div class=\"wpb_column vc_column_container vc_col-sm-6\"><div class=\"vc_column-inner\"><div class=\"wpb_wrapper\"><div class=\"sec-heading text-left  \"><div class=\"animate-box\" data-animate-effect=\"fadeInUp\"><h2 class=\"section-title\">ENSEMBLE<\/h2><p>Dans la vie comme dans leur profession passionnante, ils vous offrent une \u00e9quipe unie avec des forces diff\u00e9rentes et une vision commune:<\/p>\n<p>Cette vision qui leur est ch\u00e8re: \u00catre au c\u0153ur de votre projet, vous offrir leur bagage d\u2019exp\u00e9rience de vie, ainsi que vous offrir SERVICE et SOUTIEN tout au long de la transaction et au-del\u00e0, afin que vous r\u00e9alisiez, tout comme eux, vos projets de vie avec succ\u00e8s.<\/p>\n<p>Ainsi, Isabelle et St\u00e9phane forment 2courtiers.ca pour vous aider \u00e0 r\u00e9aliser votre projet de r\u00eave, en utilisant une approche \u00e9tape par \u00e9tape, ils rendent l\u2019exp\u00e9rience de la vente et de l\u2019achat de votre maison unique et agr\u00e9able!<\/p><\/div><\/div><\/div><\/div><\/div><div class=\"wpb_column vc_column_container vc_col-sm-6\"><div class=\"vc_column-inner\"><div class=\"wpb_wrapper\"><div class=\"sec-image \"><div class=\"animate-box\" data-animate-effect=\"fadeInUp\"><div class=\"about\"><div class=\"about-img\"><div class=\"img\"><img decoding=\"async\" src=\"https:\/\/2courtiers.ca\/wp-content\/uploads\/2022\/07\/photo-equipe.jpg\" alt=\"\u00c0 PROPOS\" class=\"img-fluid\"\/><\/div><div class=\"about-img-2 about-buro\">Notre \u00e9quipe<\/div><\/div><\/div><\/div><\/div><\/div><\/div><\/div><\/div><\/div><\/div><\/section><div class=\"clear\"><\/div>\n","protected":false},"excerpt":{"rendered":"ENSEMBLEDans la vie comme dans leur profession passionnante, ils vous offrent une \u00e9quipe unie avec des forces diff\u00e9rentes et une vision commune: Cette vision qui leur est ch\u00e8re: \u00catre au c\u0153ur de votre projet, vous offrir leur bagage d\u2019exp\u00e9rience de vie, ainsi que vous offrir SERVICE et SOUTIEN tout au long de la transaction et au-del\u00e0, afin que vous r\u00e9alisiez,...","protected":false},"author":1,"featured_media":0,"parent":0,"menu_order":0,"comment_status":"closed","ping_status":"closed","template":"","meta":{"_acf_changed":false,"footnotes":"","_links_to":"","_links_to_target":""},"class_list":["post-56","page","type-page","status-publish","hentry"],"acf":[],"_links":{"self":[{"href":"http:\/\/2courtiers.ca\/fr\/wp-json\/wp\/v2\/pages\/56","targetHints":{"allow":["GET"]}}],"collection":[{"href":"http:\/\/2courtiers.ca\/fr\/wp-json\/wp\/v2\/pages"}],"about":[{"href":"http:\/\/2courtiers.ca\/fr\/wp-json\/wp\/v2\/types\/page"}],"author":[{"embeddable":true,"href":"http:\/\/2courtiers.ca\/fr\/wp-json\/wp\/v2\/users\/1"}],"replies":[{"embeddable":true,"href":"http:\/\/2courtiers.ca\/fr\/wp-json\/wp\/v2\/comments?post=56"}],"version-history":[{"count":1,"href":"http:\/\/2courtiers.ca\/fr\/wp-json\/wp\/v2\/pages\/56\/revisions"}],"predecessor-version":[{"id":864,"href":"http:\/\/2courtiers.ca\/fr\/wp-json\/wp\/v2\/pages\/56\/revisions\/864"}],"wp:attachment":[{"href":"http:\/\/2courtiers.ca\/fr\/wp-json\/wp\/v2\/media?parent=56"}],"curies":[{"name":"wp","href":"https:\/\/api.w.org\/{rel}","templated":true}]}}