{"id":295,"date":"2022-07-31T00:21:59","date_gmt":"2022-07-31T00:21:59","guid":{"rendered":"https:\/\/2courtiers.ca\/?page_id=295"},"modified":"2025-07-24T21:28:03","modified_gmt":"2025-07-24T21:28:03","slug":"courtiers-immobilier-st-sauveur","status":"publish","type":"page","link":"http:\/\/2courtiers.ca\/fr\/","title":{"rendered":"2courtiers | Courtiers immobilier St-Sauveur"},"content":{"rendered":"<div class=\"clear\"><\/div><section class=\"full-width-section wr-section-full-width    \"><div class=\"block-wrapper   \"><div class=\"section-wrapper  \"><div class=\"row-layout row-off  \"><div class=\"wpb_column vc_column_container vc_col-sm-12\"><div class=\"vc_column-inner\"><div class=\"wpb_wrapper\"><\/div><\/div><\/div><\/div><\/div><\/div><\/section><div class=\"clear\"><\/div><div class=\"clear\"><\/div><section class=\"full-width-section     \"><div class=\"block-wrapper section-padding1 section-padding2 \"><div class=\"section-wrapper container \"><div class=\"row-layout  row \"><div class=\"wpb_column vc_column_container vc_col-sm-6\"><div class=\"vc_column-inner\"><div class=\"wpb_wrapper\"><div class=\"sec-heading text-left  \"><div class=\"animate-box\" data-animate-effect=\"fadeInUp\"><h2 class=\"section-title\">ENSEMBLE<\/h2><p>\n<h5 class=\"serp-title\" style=\"text-align: center;\">2courtiers &#8211; La meilleure \u00e9quipe de Courtiers immobilier \u00e0 St-Sauveur et la r\u00e9gion des Laurentides<\/h5>\n<p>Dans la vie comme dans leur profession passionnante, ils vous offrent une \u00e9quipe unie avec des forces diff\u00e9rentes et une vision commune:<\/p>\n<p>Cette vision qui leur est ch\u00e8re: \u00catre au c\u0153ur de votre projet, vous offrir leur bagage d\u2019exp\u00e9rience de vie, ainsi que vous offrir SERVICE et SOUTIEN tout au long de la transaction et au-del\u00e0, afin que vous r\u00e9alisiez, tout comme eux, vos projets de vie avec succ\u00e8s.<\/p>\n<p>Ainsi, Isabelle et St\u00e9phane forment 2courtiers.ca pour vous aider \u00e0 r\u00e9aliser votre projet de r\u00eave, en utilisant une approche \u00e9tape par \u00e9tape, ils rendent l\u2019exp\u00e9rience de la vente et de l\u2019achat de votre maison unique et agr\u00e9able!<\/p>\n<div id=\"gtx-trans\" style=\"position: absolute; left: -168px; top: 8.65625px;\">\n<div class=\"gtx-trans-icon\"><\/div>\n<\/div><\/div><\/div><div class=\"sec-heading text-left  \"><div class=\"animate-box\" data-animate-effect=\"fadeInUp\"><h2 class=\"section-title\">NOTRE MISSION<\/h2><p>Nous sommes au c\u0153ur de votre projet immobilier :\u00a0 des professionnels int\u00e8gres et d\u00e9termin\u00e9s \u00e0 ce que votre prochaine \u00e9tape de vie soit remplie d\u2019opportunit\u00e9s.\u00a0 Ouverts d\u2019esprit et transparents, nous b\u00e2tissons ensemble un partenariat durable pour la r\u00e9ussite de chaque \u00e9tape de la transaction.\u00a0 Nous vous accompagnons et conseillons dans toutes les d\u00e9marches et toute d\u00e9cision est prise ensemble et \u00e0 votre enti\u00e8re satisfaction.\u00a0 C\u2019est ensemble que nous avons du succ\u00e8s.<\/p>\n<p style=\"text-align: center;\"><a href=\"https:\/\/2courtiers.ca\/fr\/nous-contacter\/\"><strong>Contactez-nous d\u00e8s maintenant<\/strong><\/a><\/p>\n<\/p><\/div><\/div><\/div><\/div><\/div><div class=\"wpb_column vc_column_container vc_col-sm-6\"><div class=\"vc_column-inner\"><div class=\"wpb_wrapper\"><div class=\"sec-image \"><div class=\"animate-box\" data-animate-effect=\"fadeInUp\"><div class=\"about\"><div class=\"about-img\"><div class=\"img\"><img decoding=\"async\" src=\"https:\/\/2courtiers.ca\/wp-content\/uploads\/2022\/07\/photo-equipe.jpg\" alt=\"\u00c0 PROPOS\" class=\"img-fluid\"\/><\/div><div class=\"about-img-2 about-buro\">L&#039;\u00e9quipe 2Courtiers<\/div><\/div><\/div><\/div><\/div><\/div><\/div><\/div><div class=\"wpb_column vc_column_container vc_col-sm-12\"><div class=\"vc_column-inner\"><div class=\"wpb_wrapper\"><\/div><\/div><\/div><\/div><\/div><\/div><\/section><div class=\"clear\"><\/div><div class=\"clear\"><\/div><section class=\"full-width-section wr-section-full-width    \"><div class=\"block-wrapper section-padding1 section-padding2 background bg-img bg-fixed\" data-background=\"https:\/\/2courtiers.ca\/wp-content\/uploads\/2025\/07\/Bureau-Re_Max-Bonjour-1-scaled.jpg\" data-overlay-dark=\"4\" style=''><div class=\"section-wrapper  \"><div class=\"row-layout row-off  \"><div class=\"wpb_column vc_column_container vc_col-sm-12\"><div class=\"vc_column-inner\"><div class=\"wpb_wrapper\"><\/div><\/div><\/div><\/div><\/div><\/div><\/section><div class=\"clear\"><\/div><div class=\"clear\"><\/div><section class=\"full-width-section     \"><div class=\"block-wrapper section-padding1 section-padding2 \"><div class=\"section-wrapper container \"><div class=\"row-layout  row \"><div class=\"wpb_column vc_column_container vc_col-sm-12\"><div class=\"vc_column-inner\"><div class=\"wpb_wrapper\"><div class=\"sec-heading text-left  \"><div class=\"animate-box\" data-animate-effect=\"fadeInUp\"><h2 class=\"section-title\">CE QUE L\u2019ON DIT DE NOUS!<\/h2><\/div><\/div>\n\t<div class=\"wpb_text_column wpb_content_element\" >\n\t\t<div class=\"wpb_wrapper\">\n\t\t\t<style type='text\/css' media='all'>#tss-container-2069678139.tss-wrapper .tss-carousel1,\r\n\t\t\t\t\t\t\t#tss-container-2069678139.tss-wrapper .tss-isotope1 .profile-img-wrapper:after,\r\n\t\t\t\t\t\t\t#tss-container-2069678139.tss-wrapper .tss-layout9 .profile-img-wrapper:after,\r\n\t\t\t\t\t\t\t#tss-container-2069678139.tss-wrapper .tss-isotope4 .profile-img-wrapper:after,\r\n\t\t\t\t\t\t\t#tss-container-2069678139.tss-wrapper .tss-carousel9 .profile-img-wrapper:after {\r\n\t\t\t\t\t\t\t\tbackground: #b19777 !important;\r\n\t\t\t\t\t\t\t}#tss-container-2069678139.tss-wrapper .tss-layout10 .item-content-wrapper,\r\n\t\t\t\t\t#tss-container-2069678139.tss-wrapper .tss-isotope3 .item-content-wrapper,\r\n\t\t\t\t\t#tss-container-2069678139.tss-wrapper .tss-isotope5 .item-content-wrapper,\r\n\t\t\t\t\t#tss-container-2069678139.tss-wrapper .tss-carousel10 .item-content-wrapper{background: transparent;}<\/style><div class='rt-container-fluid tss-wrapper ' id='tss-container-2069678139'  data-layout='carousel3' data-desktop-col='1'  data-tab-col='2'  data-mobile-col='1'><div data-title='Loading ...' class='rt-row tss-carousel3 tss-even tss-pre-loader'><div class=\"carousel-wrapper\"><div  class='tss-carousel swiper'\r\n\t\t\t\t\t\t\t\t\t\tdata-loop='true'\r\n\t\t\t\t\t\t\t\t\t\tdata-items-desktop='1'\r\n\t\t\t\t\t\t\t\t\t\tdata-items-tab='2'\r\n\t\t\t\t\t\t\t\t\t\tdata-items-mobile='1'\r\n\t\t\t\t\t\t\t\t\t\tdata-autoplay='true'\r\n\t\t\t\t\t\t\t\t\t\tdata-autoplay-timeout='5000'\r\n\t\t\t\t\t\t\t\t\t\tdata-autoplay-hover-pause='true'\r\n\t\t\t\t\t\t\t\t\t\tdata-dots='false'\r\n\t\t\t\t\t\t\t\t\t\tdata-nav='false'\r\n\t\t\t\t\t\t\t\t\t\tdata-lazy-load='false'\r\n\t\t\t\t\t\t\t\t\t\tdata-auto-height='true'\r\n\t\t\t\t\t\t\t\t\t\tdata-smart-speed='2000'\r\n\t\t\t\t\t\t\t\t\t\t><div class=\"swiper-wrapper\"><div class='rt-col-md-12 rt-col-sm-12 rt-col-xs-12 even-grid-item tss-grid-item slide-item swiper-slide even-grid-item default-margin'><div class=\"single-item-wrapper\"><div class=\"tss-meta-info\"><div class='profile-img-wrapper'><img alt='Linda, Mario et Kevin' class='rt-responsive-img rt-dummy-img' src='http:\/\/2courtiers.ca\/wp-content\/plugins\/testimonial-slider-and-showcase\/assets\/images\/placeholder.png' \/><\/div><\/div><div class=\"rating-wrapper\"><span data-star='1' class='star-1 dashicons dashicons-star-empty' aria-hidden='true'><\/span><span data-star='2' class='star-2 dashicons dashicons-star-empty' aria-hidden='true'><\/span><span data-star='3' class='star-3 dashicons dashicons-star-empty' aria-hidden='true'><\/span><span data-star='4' class='star-4 dashicons dashicons-star-empty' aria-hidden='true'><\/span><span data-star='5' class='star-5 dashicons dashicons-star-empty' aria-hidden='true'><\/span><\/div><h3 class='author-name'>Linda, Mario et Kevin<\/h3><div class=\"item-content-wrapper\"><div class='item-content'><p>J\u2019ai appel\u00e9 chez Royal LePage pour avoir un courtier immobilier et \u00e0 ma surprise, ils \u00e9taient 2! Quelle \u00e9quipe ils font! Tr\u00e8s d\u00e9vou\u00e9s et sympathiques. Ils font tout en leur pouvoir pour r\u00e9pondre \u00e0 nos questions et s\u2019ils ne connaissent pas la r\u00e9ponse, ils la trouvent. Vraiment de belles personnes humaines.<br \/>\nMerci beaucoup! Tr\u00e8s appr\u00e9ci\u00e9! \u00bb<\/p>\n<\/div><\/div><\/div><\/div><div class='rt-col-md-12 rt-col-sm-12 rt-col-xs-12 even-grid-item tss-grid-item slide-item swiper-slide even-grid-item default-margin'><div class=\"single-item-wrapper\"><div class=\"tss-meta-info\"><div class='profile-img-wrapper'><img alt='Carol Ann &amp; Luc' class='rt-responsive-img rt-dummy-img' src='http:\/\/2courtiers.ca\/wp-content\/plugins\/testimonial-slider-and-showcase\/assets\/images\/placeholder.png' \/><\/div><\/div><div class=\"rating-wrapper\"><span data-star='1' class='star-1 dashicons dashicons-star-filled' aria-hidden='true'><\/span><span data-star='2' class='star-2 dashicons dashicons-star-filled' aria-hidden='true'><\/span><span data-star='3' class='star-3 dashicons dashicons-star-filled' aria-hidden='true'><\/span><span data-star='4' class='star-4 dashicons dashicons-star-filled' aria-hidden='true'><\/span><span data-star='5' class='star-5 dashicons dashicons-star-filled' aria-hidden='true'><\/span><\/div><h3 class='author-name'>Carol Ann &amp; Luc<\/h3><div class=\"item-content-wrapper\"><div class='item-content'><p>St\u00e9phane et Isabelle forment une \u00e9quipe dynamique.\u00a0 Ils sont calmes, attentionn\u00e9s et tr\u00e8s assidus au travail.\u00a0 Nous serions heureux de les avoir dans notre \u00e9quipe lorsque nous chercherons \u00e0 acheter ou vendre notre maison.\u00a0 Nous avons une grande confiance en eux.<\/p>\n<\/div><\/div><\/div><\/div><div class='rt-col-md-12 rt-col-sm-12 rt-col-xs-12 even-grid-item tss-grid-item slide-item swiper-slide even-grid-item default-margin'><div class=\"single-item-wrapper\"><div class=\"tss-meta-info\"><div class='profile-img-wrapper'><img alt='Ren\u00e9 Boirdy &amp; Lulia Rossignol' class='rt-responsive-img rt-dummy-img' src='http:\/\/2courtiers.ca\/wp-content\/plugins\/testimonial-slider-and-showcase\/assets\/images\/placeholder.png' \/><\/div><\/div><div class=\"rating-wrapper\"><span data-star='1' class='star-1 dashicons dashicons-star-filled' aria-hidden='true'><\/span><span data-star='2' class='star-2 dashicons dashicons-star-filled' aria-hidden='true'><\/span><span data-star='3' class='star-3 dashicons dashicons-star-filled' aria-hidden='true'><\/span><span data-star='4' class='star-4 dashicons dashicons-star-filled' aria-hidden='true'><\/span><span data-star='5' class='star-5 dashicons dashicons-star-filled' aria-hidden='true'><\/span><\/div><h3 class='author-name'>Ren\u00e9 Boirdy &amp; Lulia Rossignol<\/h3><div class=\"item-content-wrapper\"><div class='item-content'><p>Nous recommandons Isabelle et St\u00e9phane pour leur professionnalisme, leur honn\u00eatet\u00e9 et leurs connaissances.\u00a0 De confiance et fiables ils s\u2019impliquent dans la communaut\u00e9.<\/p>\n<\/div><\/div><\/div><\/div><div class='rt-col-md-12 rt-col-sm-12 rt-col-xs-12 even-grid-item tss-grid-item slide-item swiper-slide even-grid-item default-margin'><div class=\"single-item-wrapper\"><div class=\"tss-meta-info\"><div class='profile-img-wrapper'><img alt='Marc-Andr\u00e9 et Chantal Perreault' class='rt-responsive-img rt-dummy-img' src='http:\/\/2courtiers.ca\/wp-content\/plugins\/testimonial-slider-and-showcase\/assets\/images\/placeholder.png' \/><\/div><\/div><div class=\"rating-wrapper\"><span data-star='1' class='star-1 dashicons dashicons-star-filled' aria-hidden='true'><\/span><span data-star='2' class='star-2 dashicons dashicons-star-filled' aria-hidden='true'><\/span><span data-star='3' class='star-3 dashicons dashicons-star-filled' aria-hidden='true'><\/span><span data-star='4' class='star-4 dashicons dashicons-star-filled' aria-hidden='true'><\/span><span data-star='5' class='star-5 dashicons dashicons-star-filled' aria-hidden='true'><\/span><\/div><h3 class='author-name'>Marc-Andr\u00e9 et Chantal Perreault<\/h3><div class=\"item-content-wrapper\"><div class='item-content'><div class=\"message \">\n<div class=\"message-container\">\n<div class=\"message-item uikit-chat-item__bubble uikit-chat-item__bubble--incoming \">\n<div class=\"message-content\">\n<p><span class=\"message-text \"><span class=\"uikit-chat-item__bubble-text\">Bonsoir, les 2 courtiers, avec plus de monde comme vous, la plan\u00e8te se porterait mieux!<\/span><\/span><\/p>\n<\/div>\n<\/div>\n<div class=\"menu-button right\" data-failed-date=\"Today at 6:22 AM\"><\/div>\n<\/div>\n<\/div>\n<\/div><\/div><\/div><\/div><\/div><\/div><\/div><div class=\"rt-loading-overlay\"><\/div><div class=\"rt-loading rt-ball-clip-rotate\"><div><\/div><\/div><\/div><\/div>\n\n\t\t<\/div>\n\t<\/div>\n<\/div><\/div><\/div><\/div><\/div><\/div><\/section><div class=\"clear\"><\/div><div class=\"clear\"><\/div><section class=\"full-width-section wr-section-full-width    \"><div class=\"block-wrapper   \"><div class=\"section-wrapper  \"><div class=\"row-layout row-off  \"><div class=\"wpb_column vc_column_container vc_col-sm-12\"><div class=\"vc_column-inner\"><div class=\"wpb_wrapper\"><div class=\"sec-heading text-left  \"><div class=\"animate-box\" data-animate-effect=\"fadeInUp\"><h2 class=\"section-title\">O\u00f9 nous trouver<\/h2><\/div><\/div><\/div><\/div><\/div><\/div><\/div><\/div><\/section><div class=\"clear\"><\/div><div class=\"clear\"><\/div><section class=\"full-width-section wr-section-full-width    \"><div class=\"block-wrapper   \"><div class=\"section-wrapper  \"><div class=\"row-layout row-off  \"><div class=\"wpb_column vc_column_container vc_col-sm-12\"><div class=\"vc_column-inner\"><div class=\"wpb_wrapper\"><div class=\"wpb_gmaps_widget wpb_content_element\"><div class=\"wpb_wrapper\"><div class=\"wpb_map_wraper\"><iframe src=\"https:\/\/www.google.com\/maps\/embed?pb=!1m18!1m12!1m3!1d2776.93216422937!2d-74.1583646!3d45.89266980000001!2m3!1f0!2f0!3f0!3m2!1i1024!2i768!4f13.1!3m3!1m2!1s0x4ccf3aeaa371d429%3A0x1c02d43e29441f09!2s286%20Rue%20Principale%2C%20Saint-Sauveur%2C%20QC%20J0R%201R0!5e0!3m2!1sen!2sca!4v1753231236157!5m2!1sen!2sca\" width=\"600\" height=\"450\" style=\"border:0;\" allowfullscreen=\"\" loading=\"lazy\" referrerpolicy=\"no-referrer-when-downgrade\"><\/iframe><\/div><\/div><\/div><\/div><\/div><\/div><\/div><\/div><\/div><\/section><div class=\"clear\"><\/div><div class=\"clear\"><\/div><section class=\"full-width-section wr-section-full-width    \"><div class=\"block-wrapper   \"><div class=\"section-wrapper  \"><div class=\"row-layout row-off  \"><div class=\"wpb_column vc_column_container vc_col-sm-12\"><div class=\"vc_column-inner\"><div class=\"wpb_wrapper\"><\/div><\/div><\/div><\/div><\/div><\/div><\/section><div class=\"clear\"><\/div><div class=\"clear\"><\/div><section class=\"full-width-section wr-section-full-width    \"><div class=\"block-wrapper   \"><div class=\"section-wrapper  \"><div class=\"row-layout row-off  \"><div class=\"wpb_column vc_column_container vc_col-sm-12\"><div class=\"vc_column-inner\"><div class=\"wpb_wrapper\"><\/div><\/div><\/div><\/div><\/div><\/div><\/section><div class=\"clear\"><\/div><div class=\"clear\"><\/div><section class=\"full-width-section wr-section-full-width    \"><div class=\"block-wrapper   \"><div class=\"section-wrapper  \"><div class=\"row-layout row-off  \"><div class=\"wpb_column vc_column_container vc_col-sm-12\"><div class=\"vc_column-inner\"><div class=\"wpb_wrapper\"><\/div><\/div><\/div><\/div><\/div><\/div><\/section><div class=\"clear\"><\/div>\n","protected":false},"excerpt":{"rendered":"Bonsoir, les 2 courtiers, avec plus de monde comme vous, la plan\u00e8te se porterait mieux!","protected":false},"author":1,"featured_media":697,"parent":0,"menu_order":0,"comment_status":"closed","ping_status":"closed","template":"","meta":{"_acf_changed":false,"footnotes":"","_links_to":"","_links_to_target":""},"class_list":["post-295","page","type-page","status-publish","has-post-thumbnail","hentry"],"acf":[],"_links":{"self":[{"href":"http:\/\/2courtiers.ca\/fr\/wp-json\/wp\/v2\/pages\/295","targetHints":{"allow":["GET"]}}],"collection":[{"href":"http:\/\/2courtiers.ca\/fr\/wp-json\/wp\/v2\/pages"}],"about":[{"href":"http:\/\/2courtiers.ca\/fr\/wp-json\/wp\/v2\/types\/page"}],"author":[{"embeddable":true,"href":"http:\/\/2courtiers.ca\/fr\/wp-json\/wp\/v2\/users\/1"}],"replies":[{"embeddable":true,"href":"http:\/\/2courtiers.ca\/fr\/wp-json\/wp\/v2\/comments?post=295"}],"version-history":[{"count":85,"href":"http:\/\/2courtiers.ca\/fr\/wp-json\/wp\/v2\/pages\/295\/revisions"}],"predecessor-version":[{"id":1082,"href":"http:\/\/2courtiers.ca\/fr\/wp-json\/wp\/v2\/pages\/295\/revisions\/1082"}],"wp:featuredmedia":[{"embeddable":true,"href":"http:\/\/2courtiers.ca\/fr\/wp-json\/wp\/v2\/media\/697"}],"wp:attachment":[{"href":"http:\/\/2courtiers.ca\/fr\/wp-json\/wp\/v2\/media?parent=295"}],"curies":[{"name":"wp","href":"https:\/\/api.w.org\/{rel}","templated":true}]}}