{"id":56,"date":"2021-09-30T22:12:42","date_gmt":"2021-09-30T22:12:42","guid":{"rendered":"https:\/\/webredox.net\/demo\/wp\/bauen\/light\/multi\/demo1\/?page_id=56"},"modified":"2022-10-03T20:38:57","modified_gmt":"2022-10-03T20:38:57","slug":"a-propos","status":"publish","type":"page","link":"http:\/\/2courtiers.ca\/en\/a-propos\/","title":{"rendered":"\u00c0 PROPOS"},"content":{"rendered":"<div class=\"clear\"><\/div><section class=\"full-width-section\"><div class=\"block-wrapper  section-padding2\"><div class=\"section-wrapper container\"><div class=\"row-layout  row\"><div class=\"wpb_column vc_column_container vc_col-sm-6\"><div class=\"vc_column-inner\"><div class=\"wpb_wrapper\"><div class=\"sec-heading text-left\"><div class=\"animate-box\" data-animate-effect=\"fadeInUp\"><h2 class=\"section-title\">TOGETHER<\/h2><p>In life as in their exciting profession, they offer you a united team with different strengths and a common vision:<\/p>\n<p>This vision that is dear to them: To be at the heart of your project, to offer you their wealth of life experience, as well as to offer you SERVICE and SUPPORT throughout the transaction and beyond, so that you achieve, just like them , your life projects successfully.<\/p>\n<p>Thus, Isabelle and St\u00e9phane form 2courtiers.ca to help you realize your dream project, using a step-by-step approach, they make the experience of selling and buying your home unique and pleasant!<\/p><\/div><\/div><\/div><\/div><\/div><div class=\"wpb_column vc_column_container vc_col-sm-6\"><div class=\"vc_column-inner\"><div class=\"wpb_wrapper\"><div class=\"sec-image\"><div class=\"animate-box\" data-animate-effect=\"fadeInUp\"><div class=\"about\"><div class=\"about-img\"><div class=\"img\"><img decoding=\"async\" src=\"https:\/\/2courtiers.ca\/wp-content\/uploads\/2022\/07\/photo-equipe.jpg\" alt=\"\u00c0 PROPOS\" class=\"img-fluid\"\/><\/div><div class=\"about-img-2 about-buro\">Notre \u00e9quipe<\/div><\/div><\/div><\/div><\/div><\/div><\/div><\/div><\/div><\/div><\/div><\/section><div class=\"clear\"><\/div>","protected":false},"excerpt":{"rendered":"ENSEMBLEDans la vie comme dans leur profession passionnante, ils vous offrent une \u00e9quipe unie avec des forces diff\u00e9rentes et une vision commune: Cette vision qui leur est ch\u00e8re: \u00catre au c\u0153ur de votre projet, vous offrir leur bagage d\u2019exp\u00e9rience de vie, ainsi que vous offrir SERVICE et SOUTIEN tout au long de la transaction et au-del\u00e0, afin que vous r\u00e9alisiez,...","protected":false},"author":1,"featured_media":0,"parent":0,"menu_order":0,"comment_status":"closed","ping_status":"closed","template":"","meta":{"_acf_changed":false,"footnotes":"","_links_to":"","_links_to_target":""},"class_list":["post-56","page","type-page","status-publish","hentry"],"acf":[],"_links":{"self":[{"href":"http:\/\/2courtiers.ca\/en\/wp-json\/wp\/v2\/pages\/56","targetHints":{"allow":["GET"]}}],"collection":[{"href":"http:\/\/2courtiers.ca\/en\/wp-json\/wp\/v2\/pages"}],"about":[{"href":"http:\/\/2courtiers.ca\/en\/wp-json\/wp\/v2\/types\/page"}],"author":[{"embeddable":true,"href":"http:\/\/2courtiers.ca\/en\/wp-json\/wp\/v2\/users\/1"}],"replies":[{"embeddable":true,"href":"http:\/\/2courtiers.ca\/en\/wp-json\/wp\/v2\/comments?post=56"}],"version-history":[{"count":1,"href":"http:\/\/2courtiers.ca\/en\/wp-json\/wp\/v2\/pages\/56\/revisions"}],"predecessor-version":[{"id":864,"href":"http:\/\/2courtiers.ca\/en\/wp-json\/wp\/v2\/pages\/56\/revisions\/864"}],"wp:attachment":[{"href":"http:\/\/2courtiers.ca\/en\/wp-json\/wp\/v2\/media?parent=56"}],"curies":[{"name":"wp","href":"https:\/\/api.w.org\/{rel}","templated":true}]}}