{"id":295,"date":"2022-07-31T00:21:59","date_gmt":"2022-07-31T00:21:59","guid":{"rendered":"https:\/\/2courtiers.ca\/?page_id=295"},"modified":"2025-07-24T21:28:03","modified_gmt":"2025-07-24T21:28:03","slug":"courtiers-immobilier-st-sauveur","status":"publish","type":"page","link":"http:\/\/2courtiers.ca\/en\/","title":{"rendered":"2courtiers | Courtiers immobilier St-Sauveur"},"content":{"rendered":"<div class=\"clear\"><\/div><section class=\"full-width-section wr-section-full-width\"><div class=\"block-wrapper\"><div class=\"section-wrapper\"><div class=\"row-layout row-off\"><div class=\"wpb_column vc_column_container vc_col-sm-12\"><div class=\"vc_column-inner\"><div class=\"wpb_wrapper\"><\/div><\/div><\/div><\/div><\/div><\/div><\/section><div class=\"clear\"><\/div><div class=\"clear\"><\/div><section class=\"full-width-section\"><div class=\"block-wrapper section-padding1 section-padding2\"><div class=\"section-wrapper container\"><div class=\"row-layout  row\"><div class=\"wpb_column vc_column_container vc_col-sm-6\"><div class=\"vc_column-inner\"><div class=\"wpb_wrapper\"><div class=\"sec-heading text-left\"><div class=\"animate-box\" data-animate-effect=\"fadeInUp\"><h2 class=\"section-title\">TOGETHER<\/h2><p>\n<h5 class=\"serp-title\" style=\"text-align: center;\">2courtiers \u2013 The best team of real estate brokers in St-Sauveur and the Laurentides region<\/h5>\n<p>In life as in their exciting profession, they offer you a united team with different strengths and a common vision:<\/p>\n<p>This vision that is dear to them: To be at the heart of your project, to offer you their wealth of life experience, as well as to offer you SERVICE and SUPPORT throughout the transaction and beyond, so that you achieve, just like them , your life projects successfully.<\/p>\n<p>Thus, Isabelle and St\u00e9phane form 2courtiers.ca to help you realize your dream project, using a step-by-step approach, they make the experience of selling and buying your home unique and pleasant!<\/p>\n<div id=\"gtx-trans\" style=\"position: absolute; left: -168px; top: 8.65625px;\">\n<div class=\"gtx-trans-icon\"><\/div>\n<\/div><\/div><\/div><div class=\"sec-heading text-left\"><div class=\"animate-box\" data-animate-effect=\"fadeInUp\"><h2 class=\"section-title\">Our mission<\/h2><p>We are at the core of your real estate project: professionals with integrity and determination to ensure that your next step in life is filled with new opportunities.  Open-minded and transparent, we build together a lasting partnership for the success of each step of the transaction.  We accompany and guide you in every step and every decision is made together to your complete satisfaction.  It is together that we are successful.<\/p>\n<p style=\"text-align: center;\"><a href=\"https:\/\/2courtiers.ca\/en\/nous-contacter\/\"><strong>Contact us now<\/strong><\/a><\/p>\n<\/p><\/div><\/div><\/div><\/div><\/div><div class=\"wpb_column vc_column_container vc_col-sm-6\"><div class=\"vc_column-inner\"><div class=\"wpb_wrapper\"><div class=\"sec-image\"><div class=\"animate-box\" data-animate-effect=\"fadeInUp\"><div class=\"about\"><div class=\"about-img\"><div class=\"img\"><img decoding=\"async\" src=\"https:\/\/2courtiers.ca\/wp-content\/uploads\/2022\/07\/photo-equipe.jpg\" alt=\"\u00c0 PROPOS\" class=\"img-fluid\"\/><\/div><div class=\"about-img-2 about-buro\">The 2Courtiers team<\/div><\/div><\/div><\/div><\/div><\/div><\/div><\/div><div class=\"wpb_column vc_column_container vc_col-sm-12\"><div class=\"vc_column-inner\"><div class=\"wpb_wrapper\"><\/div><\/div><\/div><\/div><\/div><\/div><\/section><div class=\"clear\"><\/div><div class=\"clear\"><\/div><section class=\"full-width-section wr-section-full-width\"><div class=\"block-wrapper section-padding1 section-padding2 background bg-img bg-fixed\" data-background=\"https:\/\/2courtiers.ca\/wp-content\/uploads\/2025\/07\/Bureau-Re_Max-Bonjour-1-scaled.jpg\" data-overlay-dark=\"4\" style=''><div class=\"section-wrapper\"><div class=\"row-layout row-off\"><div class=\"wpb_column vc_column_container vc_col-sm-12\"><div class=\"vc_column-inner\"><div class=\"wpb_wrapper\"><\/div><\/div><\/div><\/div><\/div><\/div><\/section><div class=\"clear\"><\/div><div class=\"clear\"><\/div><section class=\"full-width-section\"><div class=\"block-wrapper section-padding1 section-padding2\"><div class=\"section-wrapper container\"><div class=\"row-layout  row\"><div class=\"wpb_column vc_column_container vc_col-sm-12\"><div class=\"vc_column-inner\"><div class=\"wpb_wrapper\"><div class=\"sec-heading text-left\"><div class=\"animate-box\" data-animate-effect=\"fadeInUp\"><h2 class=\"section-title\">WHAT THEY SAY ABOUT US!<\/h2><\/div><\/div>\n\t<div class=\"wpb_text_column wpb_content_element\" >\n\t\t<div class=\"wpb_wrapper\">\n\t\t\t<style type='text\/css' media='all'>#tss-container-3894975478.tss-wrapper .tss-carousel1,\r\n\t\t\t\t\t\t\t#tss-container-3894975478.tss-wrapper .tss-isotope1 .profile-img-wrapper:after,\r\n\t\t\t\t\t\t\t#tss-container-3894975478.tss-wrapper .tss-layout9 .profile-img-wrapper:after,\r\n\t\t\t\t\t\t\t#tss-container-3894975478.tss-wrapper .tss-isotope4 .profile-img-wrapper:after,\r\n\t\t\t\t\t\t\t#tss-container-3894975478.tss-wrapper .tss-carousel9 .profile-img-wrapper:after {\r\n\t\t\t\t\t\t\t\tbackground: #b19777 !important;\r\n\t\t\t\t\t\t\t}#tss-container-3894975478.tss-wrapper .tss-layout10 .item-content-wrapper,\r\n\t\t\t\t\t#tss-container-3894975478.tss-wrapper .tss-isotope3 .item-content-wrapper,\r\n\t\t\t\t\t#tss-container-3894975478.tss-wrapper .tss-isotope5 .item-content-wrapper,\r\n\t\t\t\t\t#tss-container-3894975478.tss-wrapper .tss-carousel10 .item-content-wrapper{background: transparent;}<\/style><div class='rt-container-fluid tss-wrapper' id='tss-container-3894975478'  data-layout='carousel3' data-desktop-col='1'  data-tab-col='2'  data-mobile-col='1'><div data-title='Loading ...' class='rt-row tss-carousel3 tss-even tss-pre-loader'><div class=\"carousel-wrapper\"><div  class='tss-carousel swiper'\r\n\t\t\t\t\t\t\t\t\t\tdata-loop='true'\r\n\t\t\t\t\t\t\t\t\t\tdata-items-desktop='1'\r\n\t\t\t\t\t\t\t\t\t\tdata-items-tab='2'\r\n\t\t\t\t\t\t\t\t\t\tdata-items-mobile='1'\r\n\t\t\t\t\t\t\t\t\t\tdata-autoplay='true'\r\n\t\t\t\t\t\t\t\t\t\tdata-autoplay-timeout='5000'\r\n\t\t\t\t\t\t\t\t\t\tdata-autoplay-hover-pause='true'\r\n\t\t\t\t\t\t\t\t\t\tdata-dots='false'\r\n\t\t\t\t\t\t\t\t\t\tdata-nav='false'\r\n\t\t\t\t\t\t\t\t\t\tdata-lazy-load='false'\r\n\t\t\t\t\t\t\t\t\t\tdata-auto-height='true'\r\n\t\t\t\t\t\t\t\t\t\tdata-smart-speed='2000'\r\n\t\t\t\t\t\t\t\t\t\t><div class=\"swiper-wrapper\"><div class='rt-col-md-12 rt-col-sm-12 rt-col-xs-12 even-grid-item tss-grid-item slide-item swiper-slide even-grid-item default-margin'><div class=\"single-item-wrapper\"><div class=\"tss-meta-info\"><div class='profile-img-wrapper'><img alt='Linda, Mario et Kevin' class='rt-responsive-img rt-dummy-img' src='http:\/\/2courtiers.ca\/wp-content\/plugins\/testimonial-slider-and-showcase\/assets\/images\/placeholder.png' \/><\/div><\/div><div class=\"rating-wrapper\"><span data-star='1' class='star-1 dashicons dashicons-star-empty' aria-hidden='true'><\/span><span data-star='2' class='star-2 dashicons dashicons-star-empty' aria-hidden='true'><\/span><span data-star='3' class='star-3 dashicons dashicons-star-empty' aria-hidden='true'><\/span><span data-star='4' class='star-4 dashicons dashicons-star-empty' aria-hidden='true'><\/span><span data-star='5' class='star-5 dashicons dashicons-star-empty' aria-hidden='true'><\/span><\/div><h3 class='author-name'>Linda, Mario et Kevin<\/h3><div class=\"item-content-wrapper\"><div class='item-content'><p>J\u2019ai appel\u00e9 chez Royal LePage pour avoir un courtier immobilier et \u00e0 ma surprise, ils \u00e9taient 2! Quelle \u00e9quipe ils font! Tr\u00e8s d\u00e9vou\u00e9s et sympathiques. Ils font tout en leur pouvoir pour r\u00e9pondre \u00e0 nos questions et s\u2019ils ne connaissent pas la r\u00e9ponse, ils la trouvent. Vraiment de belles personnes humaines.<br \/>\nMerci beaucoup! Tr\u00e8s appr\u00e9ci\u00e9! \u00bb<\/p>\n<\/div><\/div><\/div><\/div><div class='rt-col-md-12 rt-col-sm-12 rt-col-xs-12 even-grid-item tss-grid-item slide-item swiper-slide even-grid-item default-margin'><div class=\"single-item-wrapper\"><div class=\"tss-meta-info\"><div class='profile-img-wrapper'><img alt='Carol Ann &amp; Luc' class='rt-responsive-img rt-dummy-img' src='http:\/\/2courtiers.ca\/wp-content\/plugins\/testimonial-slider-and-showcase\/assets\/images\/placeholder.png' \/><\/div><\/div><div class=\"rating-wrapper\"><span data-star='1' class='star-1 dashicons dashicons-star-filled' aria-hidden='true'><\/span><span data-star='2' class='star-2 dashicons dashicons-star-filled' aria-hidden='true'><\/span><span data-star='3' class='star-3 dashicons dashicons-star-filled' aria-hidden='true'><\/span><span data-star='4' class='star-4 dashicons dashicons-star-filled' aria-hidden='true'><\/span><span data-star='5' class='star-5 dashicons dashicons-star-filled' aria-hidden='true'><\/span><\/div><h3 class='author-name'>Carol Ann &amp; Luc<\/h3><div class=\"item-content-wrapper\"><div class='item-content'><p>St\u00e9phane and Isabelle make a dynamic team.  They are calm, kind, considerate and very hard workers.  \nWe would be glad to have them on our team whenever we are looking to buy or sell our house.  We have a lot of confidence in them both.<\/p>\n<\/div><\/div><\/div><\/div><div class='rt-col-md-12 rt-col-sm-12 rt-col-xs-12 even-grid-item tss-grid-item slide-item swiper-slide even-grid-item default-margin'><div class=\"single-item-wrapper\"><div class=\"tss-meta-info\"><div class='profile-img-wrapper'><img alt='Ren\u00e9 Boirdy &amp; Lulia Rossignol' class='rt-responsive-img rt-dummy-img' src='http:\/\/2courtiers.ca\/wp-content\/plugins\/testimonial-slider-and-showcase\/assets\/images\/placeholder.png' \/><\/div><\/div><div class=\"rating-wrapper\"><span data-star='1' class='star-1 dashicons dashicons-star-filled' aria-hidden='true'><\/span><span data-star='2' class='star-2 dashicons dashicons-star-filled' aria-hidden='true'><\/span><span data-star='3' class='star-3 dashicons dashicons-star-filled' aria-hidden='true'><\/span><span data-star='4' class='star-4 dashicons dashicons-star-filled' aria-hidden='true'><\/span><span data-star='5' class='star-5 dashicons dashicons-star-filled' aria-hidden='true'><\/span><\/div><h3 class='author-name'>Ren\u00e9 Boirdy &amp; Lulia Rossignol<\/h3><div class=\"item-content-wrapper\"><div class='item-content'><p>We recommend Isabelle and St\u00e9phane for their professionnalism, honesty and knowledge.  Trustworthy and reliable, they are involved in their community.<\/p>\n<\/div><\/div><\/div><\/div><div class='rt-col-md-12 rt-col-sm-12 rt-col-xs-12 even-grid-item tss-grid-item slide-item swiper-slide even-grid-item default-margin'><div class=\"single-item-wrapper\"><div class=\"tss-meta-info\"><div class='profile-img-wrapper'><img alt='Marc-Andr\u00e9 et Chantal Perreault' class='rt-responsive-img rt-dummy-img' src='http:\/\/2courtiers.ca\/wp-content\/plugins\/testimonial-slider-and-showcase\/assets\/images\/placeholder.png' \/><\/div><\/div><div class=\"rating-wrapper\"><span data-star='1' class='star-1 dashicons dashicons-star-filled' aria-hidden='true'><\/span><span data-star='2' class='star-2 dashicons dashicons-star-filled' aria-hidden='true'><\/span><span data-star='3' class='star-3 dashicons dashicons-star-filled' aria-hidden='true'><\/span><span data-star='4' class='star-4 dashicons dashicons-star-filled' aria-hidden='true'><\/span><span data-star='5' class='star-5 dashicons dashicons-star-filled' aria-hidden='true'><\/span><\/div><h3 class='author-name'>Marc-Andr\u00e9 et Chantal Perreault<\/h3><div class=\"item-content-wrapper\"><div class='item-content'><div class=\"message\">\n<div class=\"message-container\">\n<div class=\"message-item uikit-chat-item__bubble uikit-chat-item__bubble--incoming\">\n<div class=\"message-content\">\n<p><span class=\"message-text\"><span class=\"uikit-chat-item__bubble-text\">Good evening, the 2 courtiers, with more people like you, the planet would be better off!<\/span><\/span><\/p>\n<\/div>\n<\/div>\n<div class=\"menu-button right\" data-failed-date=\"Today at 6:22 AM\"><\/div>\n<\/div>\n<\/div>\n<\/div><\/div><\/div><\/div><\/div><\/div><\/div><div class=\"rt-loading-overlay\"><\/div><div class=\"rt-loading rt-ball-clip-rotate\"><div><\/div><\/div><\/div><\/div>\n\n\t\t<\/div>\n\t<\/div>\n<\/div><\/div><\/div><\/div><\/div><\/div><\/section><div class=\"clear\"><\/div><div class=\"clear\"><\/div><section class=\"full-width-section wr-section-full-width\"><div class=\"block-wrapper\"><div class=\"section-wrapper\"><div class=\"row-layout row-off\"><div class=\"wpb_column vc_column_container vc_col-sm-12\"><div class=\"vc_column-inner\"><div class=\"wpb_wrapper\"><div class=\"sec-heading text-left\"><div class=\"animate-box\" data-animate-effect=\"fadeInUp\"><h2 class=\"section-title\">Where to find us<\/h2><\/div><\/div><\/div><\/div><\/div><\/div><\/div><\/div><\/section><div class=\"clear\"><\/div><div class=\"clear\"><\/div><section class=\"full-width-section wr-section-full-width\"><div class=\"block-wrapper\"><div class=\"section-wrapper\"><div class=\"row-layout row-off\"><div class=\"wpb_column vc_column_container vc_col-sm-12\"><div class=\"vc_column-inner\"><div class=\"wpb_wrapper\"><div class=\"wpb_gmaps_widget wpb_content_element\"><div class=\"wpb_wrapper\"><div class=\"wpb_map_wraper\"><iframe src=\"https:\/\/www.google.com\/maps\/embed?pb=!1m18!1m12!1m3!1d2776.93216422937!2d-74.1583646!3d45.89266980000001!2m3!1f0!2f0!3f0!3m2!1i1024!2i768!4f13.1!3m3!1m2!1s0x4ccf3aeaa371d429%3A0x1c02d43e29441f09!2s286%20Rue%20Principale%2C%20Saint-Sauveur%2C%20QC%20J0R%201R0!5e0!3m2!1sen!2sca!4v1753231236157!5m2!1sen!2sca\" width=\"600\" height=\"450\" style=\"border:0;\" allowfullscreen=\"\" loading=\"lazy\" referrerpolicy=\"no-referrer-when-downgrade\"><\/iframe><\/div><\/div><\/div><\/div><\/div><\/div><\/div><\/div><\/div><\/section><div class=\"clear\"><\/div><div class=\"clear\"><\/div><section class=\"full-width-section wr-section-full-width\"><div class=\"block-wrapper\"><div class=\"section-wrapper\"><div class=\"row-layout row-off\"><div class=\"wpb_column vc_column_container vc_col-sm-12\"><div class=\"vc_column-inner\"><div class=\"wpb_wrapper\"><\/div><\/div><\/div><\/div><\/div><\/div><\/section><div class=\"clear\"><\/div><div class=\"clear\"><\/div><section class=\"full-width-section wr-section-full-width\"><div class=\"block-wrapper\"><div class=\"section-wrapper\"><div class=\"row-layout row-off\"><div class=\"wpb_column vc_column_container vc_col-sm-12\"><div class=\"vc_column-inner\"><div class=\"wpb_wrapper\"><\/div><\/div><\/div><\/div><\/div><\/div><\/section><div class=\"clear\"><\/div><div class=\"clear\"><\/div><section class=\"full-width-section wr-section-full-width\"><div class=\"block-wrapper\"><div class=\"section-wrapper\"><div class=\"row-layout row-off\"><div class=\"wpb_column vc_column_container vc_col-sm-12\"><div class=\"vc_column-inner\"><div class=\"wpb_wrapper\"><\/div><\/div><\/div><\/div><\/div><\/div><\/section><div class=\"clear\"><\/div>","protected":false},"excerpt":{"rendered":"Good evening, the 2 courtiers, with more people like you, the planet would be better off!","protected":false},"author":1,"featured_media":697,"parent":0,"menu_order":0,"comment_status":"closed","ping_status":"closed","template":"","meta":{"_acf_changed":false,"footnotes":"","_links_to":"","_links_to_target":""},"class_list":["post-295","page","type-page","status-publish","has-post-thumbnail","hentry"],"acf":[],"_links":{"self":[{"href":"http:\/\/2courtiers.ca\/en\/wp-json\/wp\/v2\/pages\/295","targetHints":{"allow":["GET"]}}],"collection":[{"href":"http:\/\/2courtiers.ca\/en\/wp-json\/wp\/v2\/pages"}],"about":[{"href":"http:\/\/2courtiers.ca\/en\/wp-json\/wp\/v2\/types\/page"}],"author":[{"embeddable":true,"href":"http:\/\/2courtiers.ca\/en\/wp-json\/wp\/v2\/users\/1"}],"replies":[{"embeddable":true,"href":"http:\/\/2courtiers.ca\/en\/wp-json\/wp\/v2\/comments?post=295"}],"version-history":[{"count":85,"href":"http:\/\/2courtiers.ca\/en\/wp-json\/wp\/v2\/pages\/295\/revisions"}],"predecessor-version":[{"id":1082,"href":"http:\/\/2courtiers.ca\/en\/wp-json\/wp\/v2\/pages\/295\/revisions\/1082"}],"wp:featuredmedia":[{"embeddable":true,"href":"http:\/\/2courtiers.ca\/en\/wp-json\/wp\/v2\/media\/697"}],"wp:attachment":[{"href":"http:\/\/2courtiers.ca\/en\/wp-json\/wp\/v2\/media?parent=295"}],"curies":[{"name":"wp","href":"https:\/\/api.w.org\/{rel}","templated":true}]}}